{"id":4673,"date":"2016-08-05T11:28:15","date_gmt":"2016-08-05T09:28:15","guid":{"rendered":"http:\/\/marialuisadecontes.com\/?page_id=4673"},"modified":"2016-09-01T16:47:56","modified_gmt":"2016-09-01T14:47:56","slug":"womenrenault","status":"publish","type":"page","link":"https:\/\/marialuisadecontes.com\/?page_id=4673","title":{"rendered":"Women@Renault"},"content":{"rendered":"<p>[vc_row][vc_column][vc_column_text]<\/p>\n<h2 style=\"text-align: justify;\"><span style=\"text-align: justify;\">Women@Renault<\/span><\/h2>\n<p>[\/vc_column_text]<figure class=\"sc_image  sc_image_shape_square\"><img decoding=\"async\" src=\"https:\/\/marialuisadecontes.com\/wp-content\/uploads\/2016\/08\/08082016_Caravana_WomenRenault.jpg\" alt=\"\" \/><\/figure>[vc_empty_space]<div class=\"sc_accordion sc_accordion_style_2\" data-active=\"0\"><div class=\"sc_accordion_item odd first\"><h5 class=\"sc_accordion_title\"><span class=\"sc_accordion_icon sc_accordion_icon_closed icon-plus-1\"><\/span><span class=\"sc_accordion_icon sc_accordion_icon_opened icon-minus-1\"><\/span>Origenes<\/h5><div class=\"sc_accordion_content\">[vc_column_text]<\/p>\n<h3 style=\"text-align: justify;\"><strong><em>\u00bfPor qu\u00e9 se cre\u00f3?<\/em><\/strong><\/h3>\n<p>[\/vc_column_text]<blockquote class=\"sc_quote\"><p><\/p>\n<p style=\"text-align: justify;\"><em><span style=\"color: #20a4cc;\">A ra\u00edz de los resultados de los grupos de reflexi\u00f3n de Renault presentados en el Women Forum en Octubre de 2009, se puso en marcha en la sede de Renault, en Marzo de 2010, un plan de acci\u00f3n denominado Women@Renault.<br \/>\n<\/span><\/em><\/p>\n<p><\/p><p class=\"sc_quote_position\"><\/p><\/blockquote><\/div><\/div><div id=\"sc_accordion_item_Fri Jul 22 2016 10:19:41 GMT+0200 (Hora de verano romance)_3\" class=\"sc_accordion_item even\"><h5 class=\"sc_accordion_title\"><span class=\"sc_accordion_icon sc_accordion_icon_closed icon-plus-1\"><\/span><span class=\"sc_accordion_icon sc_accordion_icon_opened icon-minus-1\"><\/span>Objetivos de Women@Renault<\/h5><div class=\"sc_accordion_content\">[vc_row_inner][vc_column_inner][vc_column_text]<\/p>\n<p style=\"text-align: justify;\"><img loading=\"lazy\" decoding=\"async\" class=\"size-medium wp-image-4519 alignleft\" src=\"https:\/\/marialuisadecontes.com\/wp-content\/uploads\/2016\/08\/Foto-wmen-Sevilla-26-d-eoctubre-300x239.jpg\" alt=\"ConsejoAsesor_2016_1 (Opti)\" width=\"300\" height=\"185\" \/><\/p>\n<ul>\n<li style=\"text-align: justify;\">Beneficiarse de todos los talentos femeninos y evitar el desperdicio de talentos.<\/li>\n<li style=\"text-align: justify;\">Acceder a las nuevas dimensiones de nuestra actividad a trav\u00e9s del acercamiento a los diferentes mercados y clientelas.<\/li>\n<li style=\"text-align: justify;\">Tener una visi\u00f3n m\u00e1s global del mundo a trav\u00e9s de un mejor equilibrio Hombres\/Mujeres.<\/li>\n<li style=\"text-align: justify;\">Atraer y retener mujeres en Renault.<\/li>\n<li style=\"text-align: justify;\">Mejorar la posici\u00f3n de Renault en t\u00e9rminos de Imagen.<\/li>\n<\/ul>\n<p style=\"text-align: justify;\">Validado en el CEG, este plan est\u00e1 en coherencia con la pol\u00edtica de RRHH del grupo sobre igualdad de oportunidades, y con la pol\u00edtica de responsabilidad social corporativa de la empresa. La diversidad de g\u00e9nero, representada por el Women@Renault, se enmarca en uno de los ejes del Grupo Diversidad, junto a los ejes de handicap, edad y origen.<\/p>\n<p>[\/vc_column_text][\/vc_column_inner][\/vc_row_inner]<\/div><\/div><div id=\"sc_accordion_item_Fri Aug 05 2016 11:25:55 GMT+0200 (Hora de verano romance)_1\" class=\"sc_accordion_item odd\"><h5 class=\"sc_accordion_title\"><span class=\"sc_accordion_icon sc_accordion_icon_closed icon-plus-1\"><\/span><span class=\"sc_accordion_icon sc_accordion_icon_opened icon-minus-1\"><\/span>Dimensiones<\/h5><div class=\"sc_accordion_content\">[vc_column_text]<strong>EL PLAN WOMEN@RENAULT TIENE DOS DIMENSIONES: <\/strong><\/p>\n<ul>\n<li>Procesos de RRHH, reclutamiento, gesti\u00f3n de carreras y formaci\u00f3n.<\/li>\n<li>Red social de mujeres para el desarrollo personal, profesional y de orientaci\u00f3n hacia la performance.<\/li>\n<\/ul>\n<p>[\/vc_column_text]<\/div><\/div><\/div>[\/vc_column][\/vc_row][vc_row][vc_column][vc_empty_space][\/vc_column][\/vc_row][vc_row][vc_column][vc_column_text]<\/p>\n<h3 style=\"text-align: justify;\">Eventos\u00a0Organizados en Women@Renault<\/h3>\n<p>[\/vc_column_text][vc_empty_space][vc_basic_grid post_type=\u00bbpost\u00bb max_items=\u00bb50&#8243; item=\u00bb4554&#8243; grid_id=\u00bbvc_gid:1460053103476-cd8e3012-46d5-10&#8243; taxonomies=\u00bb322&#8243;][\/vc_column][\/vc_row]<\/p>\n","protected":false},"excerpt":{"rendered":"<p>[vc_row][vc_column][vc_column_text] Women@Renault [\/vc_column_text][vc_empty_space][\/vc_column][\/vc_row][vc_row][vc_column][vc_empty_space][\/vc_column][\/vc_row][vc_row][vc_column][vc_column_text] Eventos\u00a0Organizados en Women@Renault [\/vc_column_text][vc_empty_space][vc_basic_grid post_type=\u00bbpost\u00bb max_items=\u00bb50&#8243; item=\u00bb4554&#8243; grid_id=\u00bbvc_gid:1460053103476-cd8e3012-46d5-10&#8243; taxonomies=\u00bb322&#8243;][\/vc_column][\/vc_row]<\/p>\n","protected":false},"author":1,"featured_media":0,"parent":0,"menu_order":2,"comment_status":"closed","ping_status":"closed","template":"","meta":{"footnotes":""},"class_list":["post-4673","page","type-page","status-publish","hentry"],"_links":{"self":[{"href":"https:\/\/marialuisadecontes.com\/index.php?rest_route=\/wp\/v2\/pages\/4673","targetHints":{"allow":["GET"]}}],"collection":[{"href":"https:\/\/marialuisadecontes.com\/index.php?rest_route=\/wp\/v2\/pages"}],"about":[{"href":"https:\/\/marialuisadecontes.com\/index.php?rest_route=\/wp\/v2\/types\/page"}],"author":[{"embeddable":true,"href":"https:\/\/marialuisadecontes.com\/index.php?rest_route=\/wp\/v2\/users\/1"}],"replies":[{"embeddable":true,"href":"https:\/\/marialuisadecontes.com\/index.php?rest_route=%2Fwp%2Fv2%2Fcomments&post=4673"}],"version-history":[{"count":6,"href":"https:\/\/marialuisadecontes.com\/index.php?rest_route=\/wp\/v2\/pages\/4673\/revisions"}],"predecessor-version":[{"id":4760,"href":"https:\/\/marialuisadecontes.com\/index.php?rest_route=\/wp\/v2\/pages\/4673\/revisions\/4760"}],"wp:attachment":[{"href":"https:\/\/marialuisadecontes.com\/index.php?rest_route=%2Fwp%2Fv2%2Fmedia&parent=4673"}],"curies":[{"name":"wp","href":"https:\/\/api.w.org\/{rel}","templated":true}]}}