{"id":4634,"date":"2016-08-03T09:56:17","date_gmt":"2016-08-03T07:56:17","guid":{"rendered":"http:\/\/marialuisadecontes.com\/?page_id=4634"},"modified":"2023-03-17T13:54:36","modified_gmt":"2023-03-17T12:54:36","slug":"premios-y-condecoraciones","status":"publish","type":"page","link":"https:\/\/marialuisadecontes.com\/?page_id=4634","title":{"rendered":"Premios y Condecoraciones"},"content":{"rendered":"<p>[vc_row][vc_column][vc_row_inner][vc_column_inner][vc_column_text]Premios y Condecoraciones otorgados\u00a0a Maria Luisa de Contes.[\/vc_column_text][vc_empty_space][\/vc_column_inner][\/vc_row_inner]<div id=\"sc_tabs_1790061691\" class=\"sc_tabs sc_tabs_style_1\" data-active=\"0\"><ul class=\"sc_tabs_titles\"><li class=\"sc_tabs_title first\"><a href=\"#sc_tab_1472656316_2_73\" class=\"theme_button\" id=\"sc_tab_1472656316_2_73_tab\">Condecoraciones<\/a><\/li><li class=\"sc_tabs_title last\"><a href=\"#sc_tab_1472656316_1_0\" class=\"theme_button\" id=\"sc_tab_1472656316_1_0_tab\">Premios<\/a><\/li><\/ul><div id=\"sc_tab_1472656316_2_73\" class=\"sc_tabs_content odd first\">[vc_row_inner][vc_column_inner][vc_column_text]<\/p>\n<h3 style=\"text-align: justify;\">Mar\u00eda Luisa de Contes, Premio al Talento Andaluz en reconocimiento al trabajo por la igualdad de Mujeres Avenir<\/h3>\n<p style=\"text-align: justify;\">Desde 2018, Mar\u00eda Luisa de Contes d\u00b4Esgranges ha sido incluida en el \u201cR\u00e1nking de las 25 mujeres m\u00e1s influyentes de Espa\u00f1a\u201d que publica anualmente la revista Merca2. En el listado se encuentran tambi\u00e9n Leticia Ortega y Marta Ortega. (<a href=\"https:\/\/www.merca2.es\/2023\/01\/03\/las-25-mujeres-mas-influyentes-en-espana-1188973\/\" target=\"_blank\" rel=\"noopener\">noticia completa<\/a>)<\/p>\n<p style=\"text-align: justify;\"><img loading=\"lazy\" decoding=\"async\" class=\"size-medium wp-image-6130 aligncenter\" src=\"https:\/\/marialuisadecontes.com\/wp-content\/uploads\/2023\/03\/MariaLuisa_25MujeresInfluyentes_MLC-300x300.jpg\" alt=\"\" width=\"300\" height=\"300\" srcset=\"https:\/\/marialuisadecontes.com\/wp-content\/uploads\/2023\/03\/MariaLuisa_25MujeresInfluyentes_MLC-300x300.jpg 300w, https:\/\/marialuisadecontes.com\/wp-content\/uploads\/2023\/03\/MariaLuisa_25MujeresInfluyentes_MLC-150x150.jpg 150w, https:\/\/marialuisadecontes.com\/wp-content\/uploads\/2023\/03\/MariaLuisa_25MujeresInfluyentes_MLC-160x160.jpg 160w, https:\/\/marialuisadecontes.com\/wp-content\/uploads\/2023\/03\/MariaLuisa_25MujeresInfluyentes_MLC-350x351.jpg 350w, https:\/\/marialuisadecontes.com\/wp-content\/uploads\/2023\/03\/MariaLuisa_25MujeresInfluyentes_MLC-260x260.jpg 260w, https:\/\/marialuisadecontes.com\/wp-content\/uploads\/2023\/03\/MariaLuisa_25MujeresInfluyentes_MLC-400x400.jpg 400w, https:\/\/marialuisadecontes.com\/wp-content\/uploads\/2023\/03\/MariaLuisa_25MujeresInfluyentes_MLC-250x250.jpg 250w, https:\/\/marialuisadecontes.com\/wp-content\/uploads\/2023\/03\/MariaLuisa_25MujeresInfluyentes_MLC.jpg 662w\" sizes=\"auto, (max-width: 300px) 100vw, 300px\" \/><\/p>\n<p style=\"text-align: justify;\">En 2023, la Junta de Andaluc\u00eda ha galardonado a Mar\u00eda Luisa con el \u201cPremio al Talento Andaluz\u201d, en el Palacio de Cibeles de la mano de su Presidente, Juanma Moreno, y en presencia del Alcalde de Madrid, Jos\u00e9 Luis Mart\u00ednez Almeida y de la Presidenta de la Comunidad de Madrid, Isabel D\u00edaz Ayuso.<\/p>\n<p><img loading=\"lazy\" decoding=\"async\" class=\"size-medium wp-image-6129 alignright\" style=\"text-align: justify;\" src=\"https:\/\/marialuisadecontes.com\/wp-content\/uploads\/2023\/03\/IMG-20230313-WA0012-200x300.jpg\" alt=\"\" width=\"200\" height=\"300\" srcset=\"https:\/\/marialuisadecontes.com\/wp-content\/uploads\/2023\/03\/IMG-20230313-WA0012-200x300.jpg 200w, https:\/\/marialuisadecontes.com\/wp-content\/uploads\/2023\/03\/IMG-20230313-WA0012-350x526.jpg 350w, https:\/\/marialuisadecontes.com\/wp-content\/uploads\/2023\/03\/IMG-20230313-WA0012-260x390.jpg 260w, https:\/\/marialuisadecontes.com\/wp-content\/uploads\/2023\/03\/IMG-20230313-WA0012.jpg 682w\" sizes=\"auto, (max-width: 200px) 100vw, 200px\" \/><\/p>\n<p style=\"text-align: justify;\">La condecoraci\u00f3n se debe al trabajo realizado en Mujeres Avenir por la igualdad y por su aportaci\u00f3n a la consolidaci\u00f3n de las relaciones entre Francia y Espa\u00f1a.<\/p>\n<p>[\/vc_column_text][vc_empty_space][\/vc_column_inner][\/vc_row_inner][vc_row_inner][vc_column_inner][vc_column_text]<\/p>\n<h3>NOMBRAMIENTO DE MAR\u00cdA LUISA DE CONTES \u201cCABALLERO DE LA LEGI\u00d3N DE HONOR\u201d (23\/JUNIO\/2015)<\/h3>\n<p style=\"text-align: justify;\">Como consecuencia de su trayectoria empresarial y humana, Mar\u00eda Luisa de Contes ha sido objeto de diversas distinciones; cabe destacar <a href=\"http:\/\/www.ambafrance-es.org\/Maria-Luisa-De-Contes-Caballero-de-la-Legion-de-Honor\" target=\"_blank\" rel=\"noopener\"><img loading=\"lazy\" decoding=\"async\" class=\"wp-image-4643 size-medium alignright\" src=\"https:\/\/marialuisadecontes.com\/wp-content\/uploads\/2016\/08\/03072016_legion_honor-192x300.jpg\" alt=\"03072016_legion_honor\" width=\"192\" height=\"300\" srcset=\"https:\/\/marialuisadecontes.com\/wp-content\/uploads\/2016\/08\/03072016_legion_honor-192x300.jpg 192w, https:\/\/marialuisadecontes.com\/wp-content\/uploads\/2016\/08\/03072016_legion_honor-260x406.jpg 260w, https:\/\/marialuisadecontes.com\/wp-content\/uploads\/2016\/08\/03072016_legion_honor.jpg 309w\" sizes=\"auto, (max-width: 192px) 100vw, 192px\" \/><\/a>en este apartado, que en el a\u00f1o 2015,<br \/>\nel Gobierno Franc\u00e9s, como reconocimiento de su implicaci\u00f3n en reforzar los lazos econ\u00f3micos y de amistad entre Francia y Espa\u00f1a,\u00a0decidi\u00f3 concederle la condecoraci\u00f3n de <em><strong>\u201cChevalier de la L\u00e9gion d\u2019Honneur<\/strong><\/em><em>\u201d<\/em> por decreto del Presidente de la Rep\u00fablica Francesa del 3 de abril de 2015<\/p>\n<p style=\"text-align: justify;\">Mar\u00eda Luisa De Contes recibi\u00f3 la distinci\u00f3n de Caballero de la Legi\u00f3n de Honor por parte del Excmo Sr. Embajador de Francia en Espa\u00f1a D. J\u00e9r\u00f4me Bonnafont. La ceremonia tuvo lugar en la Residencia de Francia de Madrid ante muchas figuras francesas y espa\u00f1olas de la esfera pol\u00edtica y econ\u00f3mica.<\/p>\n<p style=\"text-align: justify;\">El embajador aplaudi\u00f3 tanto la trayectoria personal como la profesional de Mar\u00eda Luisa De Contes, secretaria general de Renault Espa\u00f1e, vicepresidenta de las Alliances fran\u00e7aises de Espa\u00f1a y Presidenta de la Asociaci\u00f3n de Amistad hispano-francesa Mujeres Avenir. J\u00e9r\u00f4me Bonnafont destac\u00f3 que Mar\u00eda Luisa De Contes, entre otras cosas, se ha dedicado a <em>\u201cdefender y promover nuestros intereses econ\u00f3micos, el idioma y la cultura francesas y la amistad hispano-francesa, en Francia y en Espa\u00f1a\u201d<\/em>.<\/p>\n<h3><\/h3>\n<p>[\/vc_column_text][vc_empty_space][vc_btn title=\u00bbVer Fotos entrega de \u00abCaballero de la Legi\u00f3n de Honor\u00ab\u00bb color=\u00bbinfo\u00bb align=\u00bbcenter\u00bb link=\u00bburl:https%3A%2F%2Fmarialuisadecontes.com%2F%3Fpage_id%3D5461||\u00bb][vc_empty_space][\/vc_column_inner][\/vc_row_inner][vc_row_inner][vc_column_inner][vc_column_text]<\/p>\n<h3 style=\"text-align: justify;\"><span style=\"text-align: justify;\">CONDECORACI\u00d3N DE \u201cCABALLERO DE LA ORDEN NACIONAL DEL MERITO\u201d (25\/NOVIEMBRE\/2008)<\/span><\/h3>\n<p style=\"text-align: justify;\"><img loading=\"lazy\" decoding=\"async\" class=\"size-medium wp-image-4635 alignleft\" src=\"https:\/\/marialuisadecontes.com\/wp-content\/uploads\/2016\/08\/03072016_caballero_orden_nacional-200x300.jpg\" alt=\"03072016_caballero_orden_nacional\" width=\"200\" height=\"300\" \/>En 2009 la condecoraci\u00f3n de \u201c<em><strong>Chevalier de l\u2019Ordre Nacional du M\u00e9rite<\/strong><\/em><strong>\u201d<\/strong>\u00a0que fue aprobado por Decreto Ley del Presidente de la Rep\u00fablica Francesa de 25 noviembre 2008.<\/p>\n<p style=\"text-align: justify;\">Asimismo, como resultado de esta actividad de estrechar los lazos entre la cultura francesa y espa\u00f1ola, es nombrada en el a\u00f1o 2.011 <strong>\u201c<em>Commandeur de la D\u00e9l\u00e9gation de Madrid de la Commanderie des Vins de Bordeaux en Espagne<\/em>\u201d.<\/strong><\/p>\n<h3 style=\"text-align: justify;\"><\/h3>\n<p>[\/vc_column_text][vc_empty_space][vc_btn title=\u00bbVer Fotos entrega de \u00abCaballero de la Orden Nacional del M\u00e9rito\u00ab\u00bb color=\u00bbinfo\u00bb align=\u00bbcenter\u00bb link=\u00bburl:https%3A%2F%2Fmarialuisadecontes.com%2F%3Fpage_id%3D5299||\u00bb][vc_empty_space][\/vc_column_inner][\/vc_row_inner][vc_row_inner][vc_column_inner][\/vc_column_inner][\/vc_row_inner][vc_column_text]<\/p>\n<h3>INSIGNIA DE ORO DE LA CIUDAD (18\/OCTUBRE\/2015)<\/h3>\n<p style=\"text-align: justify;\"><a href=\"http:\/\/www.sanlucardebarrameda.es\/noticias\/2015-10-18\/la-ciudad-concede-la-insignia-de-oro-maria-luisa-de-contes-y-alfredo-barragan\" target=\"_blank\" rel=\"noopener\"><img loading=\"lazy\" decoding=\"async\" class=\"alignleft wp-image-4638 size-medium\" src=\"https:\/\/marialuisadecontes.com\/wp-content\/uploads\/2016\/08\/03072016_insignia-300x198.jpg\" alt=\"03072016_insignia\" width=\"300\" height=\"198\" srcset=\"https:\/\/marialuisadecontes.com\/wp-content\/uploads\/2016\/08\/03072016_insignia-300x198.jpg 300w, https:\/\/marialuisadecontes.com\/wp-content\/uploads\/2016\/08\/03072016_insignia-750x496.jpg 750w, https:\/\/marialuisadecontes.com\/wp-content\/uploads\/2016\/08\/03072016_insignia-350x231.jpg 350w, https:\/\/marialuisadecontes.com\/wp-content\/uploads\/2016\/08\/03072016_insignia-260x172.jpg 260w, https:\/\/marialuisadecontes.com\/wp-content\/uploads\/2016\/08\/03072016_insignia-75x50.jpg 75w, https:\/\/marialuisadecontes.com\/wp-content\/uploads\/2016\/08\/03072016_insignia.jpg 874w\" sizes=\"auto, (max-width: 300px) 100vw, 300px\" \/><\/a>En 2015, Mar\u00eda Luisa de Contes recibi\u00f3 la <strong><em>\u201cInsignia de Oro de la Ciudad\u201d<\/em><\/strong> de Sanl\u00facar de Barrameda, en un solemne acto en el Sal\u00f3n de Embajadores del Palacio Ducal de Medina Sidonia. Dicha distinci\u00f3n es concedida por el Ayuntamiento cada 18 de octubre, d\u00eda del patr\u00f3n, a entidades o personas que han destacado en su \u00e1mbito y que son un referente para el resto de ciudadanos.<\/p>\n<p style=\"text-align: justify;\">Mar\u00eda Luisa de Contes, Presidenta de la Asociaci\u00f3n de Amistad Hispano-Francesa Mujeres Avenir y Secretaria General de los Consejos de Administraci\u00f3n de Renault Espa\u00f1a, fue galardonada, entre otros muchos reconocimientos, por haber sido nombrada Legi\u00f3n de Honor francesa, as\u00ed como por su brillante trayectoria profesional en el Grupo Renault.<\/p>\n<p>[\/vc_column_text][vc_empty_space][vc_btn title=\u00bbVer Fotos de la entrega de la \u00abInsignia de Oro de la ciudad\u00ab\u00bb color=\u00bbinfo\u00bb align=\u00bbcenter\u00bb link=\u00bburl:https%3A%2F%2Fmarialuisadecontes.com%2F%3Fpage_id%3D5440||\u00bb][vc_empty_space]<\/div><div id=\"sc_tab_1472656316_1_0\" class=\"sc_tabs_content even\">[vc_row_inner][vc_column_inner][vc_column_text]<\/p>\n<h3>V EDICI\u00d3N DE \u201cLAS TOP 100\u201d (23\/JUNIO\/2016)<\/h3>\n<p style=\"text-align: justify;\"><a href=\"http:\/\/www.lastop100.com\/\"><img loading=\"lazy\" decoding=\"async\" class=\"size-medium wp-image-4659 alignleft\" src=\"https:\/\/marialuisadecontes.com\/wp-content\/uploads\/2016\/08\/Las-Top-100-mujeres-l\u00edderes-678x381-300x169.jpg\" alt=\"Las-Top-100-mujeres-l\u00edderes-678x381\" width=\"300\" height=\"169\" srcset=\"https:\/\/marialuisadecontes.com\/wp-content\/uploads\/2016\/08\/Las-Top-100-mujeres-l\u00edderes-678x381-300x169.jpg 300w, https:\/\/marialuisadecontes.com\/wp-content\/uploads\/2016\/08\/Las-Top-100-mujeres-l\u00edderes-678x381-350x197.jpg 350w, https:\/\/marialuisadecontes.com\/wp-content\/uploads\/2016\/08\/Las-Top-100-mujeres-l\u00edderes-678x381-260x146.jpg 260w, https:\/\/marialuisadecontes.com\/wp-content\/uploads\/2016\/08\/Las-Top-100-mujeres-l\u00edderes-678x381.jpg 678w\" sizes=\"auto, (max-width: 300px) 100vw, 300px\" \/><\/a>A lo largo del a\u00f1o 2016, Mar\u00eda Luisa de Contes tambi\u00e9n ha resultado seleccionada, de entre las 500 mujeres evaluadas por el jurado de las m\u00e1s de 1000 postulantes, como una de las 100 mujeres m\u00e1s relevantes de Espa\u00f1a, en la categor\u00eda <strong><em>de Alta Direcci\u00f3n de la V Edici\u00f3n \u201cLas Top 100\u201d<\/em><\/strong>, a trav\u00e9s del ranking anual que elabora la plataforma Mujeres &amp; C\u00eda. Para la deliberaci\u00f3n del jurado, los criterios que se han tenido en cuenta, han sido, su trayectoria, logros, valores personales y profesionales o sociales, as\u00ed como votaciones del p\u00fablico en las redes sociales y la p\u00e1gina web, con m\u00e1s de 43.000 votos.<\/p>\n<p>[\/vc_column_text][vc_empty_space][\/vc_column_inner][\/vc_row_inner][vc_row_inner][vc_column_inner][vc_column_text]<\/p>\n<h3>TERCEROS TROFEOS DE \u00abEL EMPRENDIMINETO FEMENENINO\u00bb (EAF)\u00a0MUJERES: ATREVEROS A EMPRENDER (19\/MAYO\/2016)<\/h3>\n<p style=\"text-align: justify;\"><strong>Los clubes de \u201cEmprendimiento Femenino\u201d (EAF) organizaron sus terceros trofeos nacionales, que <a href=\"http:\/\/www.cgpme-ra.org\/isere\/trophees-eaf-2016-femmes-osez-entreprendre.html\" target=\"_blank\" rel=\"noopener\"><img loading=\"lazy\" decoding=\"async\" class=\"size-medium wp-image-4637 alignright\" src=\"https:\/\/marialuisadecontes.com\/wp-content\/uploads\/2016\/08\/03072016_emprendimiento_femenino-300x200.jpg\" alt=\"03072016_emprendimiento_femenino\" width=\"300\" height=\"200\" srcset=\"https:\/\/marialuisadecontes.com\/wp-content\/uploads\/2016\/08\/03072016_emprendimiento_femenino-300x200.jpg 300w, https:\/\/marialuisadecontes.com\/wp-content\/uploads\/2016\/08\/03072016_emprendimiento_femenino-260x173.jpg 260w, https:\/\/marialuisadecontes.com\/wp-content\/uploads\/2016\/08\/03072016_emprendimiento_femenino-75x50.jpg 75w, https:\/\/marialuisadecontes.com\/wp-content\/uploads\/2016\/08\/03072016_emprendimiento_femenino.jpg 327w\" sizes=\"auto, (max-width: 300px) 100vw, 300px\" \/><\/a>tuvieron lugar en el Consejo Econ\u00f3mico, Social y Medioambiental de Par\u00eds (CESE). <\/strong>Para premiar la diversidad de talentos, se definieron siete categor\u00edas de premios, otorgando un trofeo a cada una de las categor\u00edas, por un padrino o una madrina, as\u00ed como empresas asociadas que est\u00e1n comprometidas con EAF.<\/p>\n<p style=\"text-align: justify;\">En este acontecimiento, Mar\u00eda Luisa de Contes fue invitada al acto como moderadora de la mesa redonda, donde la sorprendieron entreg\u00e1ndole un Trofeo llamado \u201cCoup de Coeur\u201d de forma inesperada, como agradecimiento por su implicaci\u00f3n en la paridad de g\u00e9nero en Francia y Espa\u00f1a.<\/p>\n<p>[\/vc_column_text][vc_empty_space][\/vc_column_inner][\/vc_row_inner][vc_row_inner][vc_column_inner][vc_column_text]<\/p>\n<h3>PREMIOS ANUALES 2015 \u201cEL CLUB DE LAS 25\u201d (23\/NOVIEMBRE\/2015)<\/h3>\n<p style=\"text-align: justify;\"><a href=\"http:\/\/www.elclubdelas25.com\/premios-anuales\/premios-2015\/\" target=\"_blank\" rel=\"noopener\"><img loading=\"lazy\" decoding=\"async\" class=\"size-medium wp-image-4636 alignleft\" src=\"https:\/\/marialuisadecontes.com\/wp-content\/uploads\/2016\/08\/03072016_club25-300x200.jpg\" alt=\"03072016_club25\" width=\"300\" height=\"200\" srcset=\"https:\/\/marialuisadecontes.com\/wp-content\/uploads\/2016\/08\/03072016_club25-300x200.jpg 300w, https:\/\/marialuisadecontes.com\/wp-content\/uploads\/2016\/08\/03072016_club25-350x235.jpg 350w, https:\/\/marialuisadecontes.com\/wp-content\/uploads\/2016\/08\/03072016_club25-260x173.jpg 260w, https:\/\/marialuisadecontes.com\/wp-content\/uploads\/2016\/08\/03072016_club25-75x50.jpg 75w, https:\/\/marialuisadecontes.com\/wp-content\/uploads\/2016\/08\/03072016_club25.jpg 573w\" sizes=\"auto, (max-width: 300px) 100vw, 300px\" \/><\/a>En una velada inolvidable <strong>Mar\u00eda Luisa de Contes fue galardonada por <\/strong>\u00a0haber recibido el Premio \u201cCaballero de la Legi\u00f3n de Honor\u201d as\u00ed como por su trabajo en Renault, siendo la primera directiva en dar visibilidad a las mujeres de la cadena de producci\u00f3n y de diversas iniciativas para mejorar el estatus de las trabajadoras.<\/p>\n<p style=\"text-align: justify;\"><strong><em>El Club de las 25<\/em><\/strong> homenaje\u00f3 a Mar\u00eda Luisa de Contes por su aportaci\u00f3n a mejorar el mundo de la empresa para las mujeres\u00a0 en todos sus \u00e1mbitos, incluido el m\u00e1s b\u00e1sico del escalaf\u00f3n y en sectores tan hist\u00f3ricamente masculinos como la cadena de producci\u00f3n.<\/p>\n<p style=\"text-align: justify;\">En esta ocasi\u00f3n, tambi\u00e9n fueron nombradas otras mujeres como <strong>Manuela CarmenaPilar Aguilar Carrasco, Ver\u00f3nica Boquete y Mar\u00eda Escario.<\/strong><\/p>\n<p>[\/vc_column_text][vc_empty_space][\/vc_column_inner][\/vc_row_inner][vc_row_inner][vc_column_inner][vc_column_text]<\/p>\n<h3>TROPHEE FEMMES 3000\u00a0(15\/NOVIEMBRE\/2013)<\/h3>\n<p style=\"text-align: justify;\"><a href=\"http:\/\/www.lepetitjournal.com\/madrid\/accueil\/actualite\/159635-trophees-femme-3000-parmi-trois-laureates-en-europe-maria-luisa-de-contes-distinguee-pour-la-creation-du-foro-mujeres-de-dialogo\" target=\"_blank\" rel=\"noopener\"><img loading=\"lazy\" decoding=\"async\" class=\"size-medium wp-image-4656 alignright\" src=\"https:\/\/marialuisadecontes.com\/wp-content\/uploads\/2016\/08\/Photo-Dani\u00e8le-Taulin-Hommell-36-4-BIS-300x271.jpg\" alt=\"????????????????????????????????????\" width=\"300\" height=\"271\" srcset=\"https:\/\/marialuisadecontes.com\/wp-content\/uploads\/2016\/08\/Photo-Dani\u00e8le-Taulin-Hommell-36-4-BIS-300x271.jpg 300w, https:\/\/marialuisadecontes.com\/wp-content\/uploads\/2016\/08\/Photo-Dani\u00e8le-Taulin-Hommell-36-4-BIS-1024x924.jpg 1024w, https:\/\/marialuisadecontes.com\/wp-content\/uploads\/2016\/08\/Photo-Dani\u00e8le-Taulin-Hommell-36-4-BIS-1150x1037.jpg 1150w, https:\/\/marialuisadecontes.com\/wp-content\/uploads\/2016\/08\/Photo-Dani\u00e8le-Taulin-Hommell-36-4-BIS-750x676.jpg 750w, https:\/\/marialuisadecontes.com\/wp-content\/uploads\/2016\/08\/Photo-Dani\u00e8le-Taulin-Hommell-36-4-BIS-350x316.jpg 350w, https:\/\/marialuisadecontes.com\/wp-content\/uploads\/2016\/08\/Photo-Dani\u00e8le-Taulin-Hommell-36-4-BIS-260x234.jpg 260w\" sizes=\"auto, (max-width: 300px) 100vw, 300px\" \/><\/a>En julio del 2013, Maria Luisa de Contes es\u00a0galardonada\u00a0con el\u00a0<em>premio<\/em><em> <strong>Troph\u00e9es Femmes 3000<\/strong><\/em>, en la categor\u00eda de\u00a0\u201cEmprendimiento Responsable\u201d, por la creaci\u00f3n del Foro\u00a0Mujeres (FM).\u00a0La entrega del premio tuvo lugar el 15 de noviembre de 2013 en el Senado de Par\u00eds, premio que le otorg\u00f3 La federaci\u00f3n Femmes 3000 en colaboraci\u00f3n con el Senado Franc\u00e9s.<\/p>\n<p style=\"text-align: justify;\"><strong>\u00a0<\/strong><\/p>\n<p>[\/vc_column_text][vc_empty_space][vc_btn title=\u00bbVer Fotos de la entrega del Premio \u00abTroph\u00e9es Femmes 3000\u00ab\u00bb color=\u00bbinfo\u00bb align=\u00bbcenter\u00bb link=\u00bburl:https%3A%2F%2Fmarialuisadecontes.com%2F%3Fpage_id%3D5207||\u00bb][vc_empty_space][\/vc_column_inner][\/vc_row_inner]<\/div><\/div>[\/vc_column][\/vc_row][vc_row][vc_column][vc_column_text]<\/p>\n<h3><\/h3>\n<p><a title=\"Semblanza\" href=\"https:\/\/marialuisadecontes.com\/wp-content\/uploads\/2016\/08\/05082016_Semblanza.pdf\" target=\"_blank\" rel=\"noopener\">Descargar la Semblanza en Archivo Pdf<\/a>[\/vc_column_text][\/vc_column][\/vc_row]<\/p>\n","protected":false},"excerpt":{"rendered":"<p>[vc_row][vc_column][vc_row_inner][vc_column_inner][vc_column_text]Premios y Condecoraciones otorgados\u00a0a Maria Luisa de Contes.[\/vc_column_text][vc_empty_space][\/vc_column_inner][\/vc_row_inner][\/vc_column][\/vc_row][vc_row][vc_column][vc_column_text] Descargar la Semblanza en Archivo Pdf[\/vc_column_text][\/vc_column][\/vc_row]<\/p>\n","protected":false},"author":1,"featured_media":0,"parent":0,"menu_order":2,"comment_status":"closed","ping_status":"closed","template":"","meta":{"footnotes":""},"class_list":["post-4634","page","type-page","status-publish","hentry"],"_links":{"self":[{"href":"https:\/\/marialuisadecontes.com\/index.php?rest_route=\/wp\/v2\/pages\/4634","targetHints":{"allow":["GET"]}}],"collection":[{"href":"https:\/\/marialuisadecontes.com\/index.php?rest_route=\/wp\/v2\/pages"}],"about":[{"href":"https:\/\/marialuisadecontes.com\/index.php?rest_route=\/wp\/v2\/types\/page"}],"author":[{"embeddable":true,"href":"https:\/\/marialuisadecontes.com\/index.php?rest_route=\/wp\/v2\/users\/1"}],"replies":[{"embeddable":true,"href":"https:\/\/marialuisadecontes.com\/index.php?rest_route=%2Fwp%2Fv2%2Fcomments&post=4634"}],"version-history":[{"count":24,"href":"https:\/\/marialuisadecontes.com\/index.php?rest_route=\/wp\/v2\/pages\/4634\/revisions"}],"predecessor-version":[{"id":6133,"href":"https:\/\/marialuisadecontes.com\/index.php?rest_route=\/wp\/v2\/pages\/4634\/revisions\/6133"}],"wp:attachment":[{"href":"https:\/\/marialuisadecontes.com\/index.php?rest_route=%2Fwp%2Fv2%2Fmedia&parent=4634"}],"curies":[{"name":"wp","href":"https:\/\/api.w.org\/{rel}","templated":true}]}}