{"id":4515,"date":"2016-07-22T10:35:18","date_gmt":"2016-07-22T08:35:18","guid":{"rendered":"http:\/\/marialuisadecontes.com\/?page_id=4515"},"modified":"2016-09-01T16:46:34","modified_gmt":"2016-09-01T14:46:34","slug":"mujeres-avenir","status":"publish","type":"page","link":"https:\/\/marialuisadecontes.com\/?page_id=4515","title":{"rendered":"Mujeres Avenir"},"content":{"rendered":"<p>[vc_row][vc_column][vc_column_text]<\/p>\n<h2 style=\"text-align: justify;\"><span style=\"text-align: justify;\">Mujeres Avenir<\/span><\/h2>\n<p>[\/vc_column_text]<figure class=\"sc_image  sc_image_shape_square\"><img decoding=\"async\" src=\"https:\/\/marialuisadecontes.com\/wp-content\/uploads\/2016\/07\/Acto13Junio_2016.jpg\" alt=\"\" \/><\/figure>[vc_empty_space]<div class=\"sc_accordion sc_accordion_style_2\" data-active=\"0\"><div class=\"sc_accordion_item odd first\"><h5 class=\"sc_accordion_title\"><span class=\"sc_accordion_icon sc_accordion_icon_closed icon-plus-1\"><\/span><span class=\"sc_accordion_icon sc_accordion_icon_opened icon-minus-1\"><\/span>Origenes<\/h5><div class=\"sc_accordion_content\">[vc_column_text]<\/p>\n<h3 style=\"text-align: justify;\"><strong><em>\u00bfPor qu\u00e9 se cre\u00f3?<\/em><\/strong><\/h3>\n<p>[\/vc_column_text][vc_empty_space][vc_column_text]<\/p>\n<p style=\"text-align: justify;\">La Asociaci\u00f3n de Amistad hispano francesa Mujeres Avenir se origin\u00f3 en septiembre de 2015, como respuesta a la necesidad de comprometerse por la igualdad de oportunidades y el equilibrio social entre mujeres y hombres, gracias al apoyo de empresas tanto francesas como espa\u00f1olas que quieren contribuir a fortalecer la representaci\u00f3n de las mujeres en todos los niveles de decisi\u00f3n y actividad.<\/p>\n<p>[\/vc_column_text]<blockquote class=\"sc_quote\"><p><\/p>\n<p style=\"text-align: justify;\"><em><span style=\"color: #20a4cc;\">La Asociaci\u00f3n est\u00e1 compuesta por mujeres espa\u00f1olas y francesas que trabajan para mejorar las relaciones bilaterales entre Espa\u00f1a y Francia, a trav\u00e9s de una serie de iniciativas que van a dar voz y reconocimiento a las mujeres en todos los \u00e1mbitos en los que act\u00faa la Asociaci\u00f3n de Amistad hispano-francesa Mujeres Avenir.<br \/>\n<\/span><\/em><\/p>\n<p><\/p><p class=\"sc_quote_position\"><\/p><\/blockquote><\/div><\/div><div id=\"sc_accordion_item_Fri Jul 22 2016 10:19:41 GMT+0200 (Hora de verano romance)_3\" class=\"sc_accordion_item even\"><h5 class=\"sc_accordion_title\"><span class=\"sc_accordion_icon sc_accordion_icon_closed icon-plus-1\"><\/span><span class=\"sc_accordion_icon sc_accordion_icon_opened icon-minus-1\"><\/span>Objetivos de Mujeres Avenir<\/h5><div class=\"sc_accordion_content\">[vc_row_inner][vc_column_inner][vc_column_text]<\/p>\n<p style=\"text-align: justify;\"><img loading=\"lazy\" decoding=\"async\" class=\"size-medium wp-image-4519 alignleft\" src=\"https:\/\/marialuisadecontes.com\/wp-content\/uploads\/2016\/07\/ConsejoAsesor_2016_1-Opti-300x185.jpg\" alt=\"ConsejoAsesor_2016_1 (Opti)\" width=\"300\" height=\"185\" srcset=\"https:\/\/marialuisadecontes.com\/wp-content\/uploads\/2016\/07\/ConsejoAsesor_2016_1-Opti-300x185.jpg 300w, https:\/\/marialuisadecontes.com\/wp-content\/uploads\/2016\/07\/ConsejoAsesor_2016_1-Opti-1024x630.jpg 1024w, https:\/\/marialuisadecontes.com\/wp-content\/uploads\/2016\/07\/ConsejoAsesor_2016_1-Opti-1150x708.jpg 1150w, https:\/\/marialuisadecontes.com\/wp-content\/uploads\/2016\/07\/ConsejoAsesor_2016_1-Opti-750x462.jpg 750w, https:\/\/marialuisadecontes.com\/wp-content\/uploads\/2016\/07\/ConsejoAsesor_2016_1-Opti-350x215.jpg 350w, https:\/\/marialuisadecontes.com\/wp-content\/uploads\/2016\/07\/ConsejoAsesor_2016_1-Opti-260x160.jpg 260w, https:\/\/marialuisadecontes.com\/wp-content\/uploads\/2016\/07\/ConsejoAsesor_2016_1-Opti-145x90.jpg 145w, https:\/\/marialuisadecontes.com\/wp-content\/uploads\/2016\/07\/ConsejoAsesor_2016_1-Opti.jpg 1417w\" sizes=\"auto, (max-width: 300px) 100vw, 300px\" \/>En la Asociaci\u00f3n Mujeres Avenir, por tanto, queremos contribuir al desarrollo de una red profesional que, m\u00e1s all\u00e1 de los encuentros\u00a0y<br \/>\nactividades que vamos planificando, permita a sus asociadas conocerse y participar en iniciativas de inter\u00e9s mutuo. Porque el valor de las relaciones est\u00e1 en la suma de todas nosotras y de la capacidad que tengamos para desarrollar nuevos proyectos que contribuyan a promover los objetivos de la Asociaci\u00f3n.<\/p>\n<p>[\/vc_column_text][\/vc_column_inner][\/vc_row_inner]<\/div><\/div><div id=\"sc_accordion_item_Thu Apr 07 2016 19:41:03 GMT+0200 (Hora de verano romance)_8\" class=\"sc_accordion_item odd\"><h5 class=\"sc_accordion_title\"><span class=\"sc_accordion_icon sc_accordion_icon_closed icon-plus-1\"><\/span><span class=\"sc_accordion_icon sc_accordion_icon_opened icon-minus-1\"><\/span>Organizaci\u00f3n de Mujeres Avenir<\/h5><div class=\"sc_accordion_content\">[vc_column_text]<\/p>\n<h3 style=\"text-align: justify;\"><strong><em>Nuestra organizaci\u00f3n<\/em><\/strong><\/h3>\n<p style=\"text-align: justify;\">Para gestionar de forma m\u00e1s eficiente nuestras relaciones y nuestras iniciativas, nos hemos organizado a trav\u00e9s de los siguientes \u00f3rganos de gobierno:<\/p>\n<p>[\/vc_column_text][vc_row_inner][vc_column_inner width=\u00bb1\/4&#8243;][\/vc_column_inner][vc_column_inner width=\u00bb1\/2&#8243;][vc_empty_space height=\u00bb20px\u00bb][vc_column_text]<\/p>\n<ul>\n<li style=\"text-align: justify;\"><u>Asamblea General:<\/u> Es el \u00f3rgano supremo de gobierno de la Asociaci\u00f3n y estar\u00e1 integrada por todos los asociados y asociadas.<\/li>\n<li style=\"text-align: justify;\"><u>Consejo Asesor:<\/u> con los socios de honor con el fin de asesorar a la Junta directiva en aquellos temas relacionados con los objetivos de la Asociaci\u00f3n.<\/li>\n<li style=\"text-align: justify;\"><u>Junta directiva:<\/u> que se ocupa de dirigir las actividades sociales y llevar la gesti\u00f3n econ\u00f3mica y administrativa de la Asociaci\u00f3n.<\/li>\n<li style=\"text-align: justify;\"><u>Bureau:<\/u> Formado por 7 mujeres de la Junta directiva, su funci\u00f3n ser\u00e1 la de preparar las reuniones de dicha Junta y proponer iniciativas que aporten valor a la asociaci\u00f3n.<\/li>\n<\/ul>\n<p>[\/vc_column_text][\/vc_column_inner][vc_column_inner width=\u00bb1\/4&#8243;][\/vc_column_inner][\/vc_row_inner]<\/div><\/div><\/div>[\/vc_column][\/vc_row][vc_row][vc_column][vc_empty_space][vc_column_text]<b><\/b><a title=\"Semblanza\" href=\"\/wp-content\/uploads\/2016\/07\/Foro_Mujeres_Avenir.pdf\" target=\"_blank\">Descargar Mujeres Avenir\u00a0en Archivo Pdf<\/a>[\/vc_column_text][vc_empty_space][\/vc_column][\/vc_row][vc_row][vc_column][vc_column_text]<\/p>\n<h3 style=\"text-align: justify;\">Eventos\u00a0Organizados en\u00a0Mujeres Avenir<\/h3>\n<p>[\/vc_column_text][vc_empty_space][vc_basic_grid post_type=\u00bbpost\u00bb max_items=\u00bb50&#8243; item=\u00bb4554&#8243; grid_id=\u00bbvc_gid:1460053103476-cd8e3012-46d5-10&#8243; taxonomies=\u00bb315&#8243;][\/vc_column][\/vc_row]<\/p>\n","protected":false},"excerpt":{"rendered":"<p>[vc_row][vc_column][vc_column_text] Mujeres Avenir [\/vc_column_text][vc_empty_space][\/vc_column][\/vc_row][vc_row][vc_column][vc_empty_space][vc_column_text]Descargar Mujeres Avenir\u00a0en Archivo Pdf[\/vc_column_text][vc_empty_space][\/vc_column][\/vc_row][vc_row][vc_column][vc_column_text] Eventos\u00a0Organizados en\u00a0Mujeres Avenir [\/vc_column_text][vc_empty_space][vc_basic_grid post_type=\u00bbpost\u00bb max_items=\u00bb50&#8243; item=\u00bb4554&#8243; grid_id=\u00bbvc_gid:1460053103476-cd8e3012-46d5-10&#8243; taxonomies=\u00bb315&#8243;][\/vc_column][\/vc_row]<\/p>\n","protected":false},"author":1,"featured_media":0,"parent":0,"menu_order":2,"comment_status":"closed","ping_status":"closed","template":"","meta":{"footnotes":""},"class_list":["post-4515","page","type-page","status-publish","hentry"],"_links":{"self":[{"href":"https:\/\/marialuisadecontes.com\/index.php?rest_route=\/wp\/v2\/pages\/4515","targetHints":{"allow":["GET"]}}],"collection":[{"href":"https:\/\/marialuisadecontes.com\/index.php?rest_route=\/wp\/v2\/pages"}],"about":[{"href":"https:\/\/marialuisadecontes.com\/index.php?rest_route=\/wp\/v2\/types\/page"}],"author":[{"embeddable":true,"href":"https:\/\/marialuisadecontes.com\/index.php?rest_route=\/wp\/v2\/users\/1"}],"replies":[{"embeddable":true,"href":"https:\/\/marialuisadecontes.com\/index.php?rest_route=%2Fwp%2Fv2%2Fcomments&post=4515"}],"version-history":[{"count":20,"href":"https:\/\/marialuisadecontes.com\/index.php?rest_route=\/wp\/v2\/pages\/4515\/revisions"}],"predecessor-version":[{"id":4756,"href":"https:\/\/marialuisadecontes.com\/index.php?rest_route=\/wp\/v2\/pages\/4515\/revisions\/4756"}],"wp:attachment":[{"href":"https:\/\/marialuisadecontes.com\/index.php?rest_route=%2Fwp%2Fv2%2Fmedia&parent=4515"}],"curies":[{"name":"wp","href":"https:\/\/api.w.org\/{rel}","templated":true}]}}