{"id":4394,"date":"2016-04-07T20:06:00","date_gmt":"2016-04-07T18:06:00","guid":{"rendered":"http:\/\/marialuisadecontes.com\/?page_id=4394"},"modified":"2016-09-01T16:49:04","modified_gmt":"2016-09-01T14:49:04","slug":"eventos-mujeres-avenir","status":"publish","type":"page","link":"https:\/\/marialuisadecontes.com\/?page_id=4394","title":{"rendered":"Eventos Mujeres Avenir"},"content":{"rendered":"<p>[vc_row][vc_column][vc_column_text]<\/p>\n<p style=\"text-align: justify;\">Eventos organizados por la <a href=\"http:\/\/mujeresavenir.com\/\" target=\"_blank\">Asociaci\u00f3n de Amistad Hispano-Francesa Mujeres Avenir<\/a>.<\/p>\n<h4 style=\"text-align: justify;\">Finalidad de la Asociaci\u00f3n:<\/h4>\n<p style=\"text-align: justify;\">Actuar en beneficio de la consolidaci\u00f3n de la visibilidad de la mujer en todos los sectores de la sociedad espa\u00f1ola y francesa, tanto en el campo de la econom\u00eda como en la pol\u00edtica, la empresa, en el mundo del arte, en el universitario, o en el cient\u00edfico tomando como base la visi\u00f3n igualitaria de la Carta de las Naciones Unidas.<\/p>\n<p>[\/vc_column_text][vc_empty_space][vc_btn title=\u00bbSobre Mujeres Avenir\u00bb color=\u00bbpeacoc\u00bb align=\u00bbcenter\u00bb link=\u00bburl:http%3A%2F%2Fmujeresavenir.com%2F|title:Sobre%20Mujeres%20Avenir|target:%20_blank\u00bb][vc_empty_space][\/vc_column][\/vc_row][vc_row][vc_column][vc_basic_grid post_type=\u00bbpost\u00bb max_items=\u00bb50&#8243; grid_id=\u00bbvc_gid:1460051928511-8940fb45-0033-9&#8243; taxonomies=\u00bb315&#8243;][\/vc_column][\/vc_row]<\/p>\n","protected":false},"excerpt":{"rendered":"<p>[vc_row][vc_column][vc_column_text] Eventos organizados por la Asociaci\u00f3n de Amistad Hispano-Francesa Mujeres Avenir. Finalidad de la Asociaci\u00f3n: Actuar en beneficio de la consolidaci\u00f3n de la visibilidad de la mujer en todos los [&hellip;]<\/p>\n","protected":false},"author":1,"featured_media":0,"parent":0,"menu_order":0,"comment_status":"closed","ping_status":"closed","template":"","meta":{"footnotes":""},"class_list":["post-4394","page","type-page","status-publish","hentry"],"_links":{"self":[{"href":"https:\/\/marialuisadecontes.com\/index.php?rest_route=\/wp\/v2\/pages\/4394","targetHints":{"allow":["GET"]}}],"collection":[{"href":"https:\/\/marialuisadecontes.com\/index.php?rest_route=\/wp\/v2\/pages"}],"about":[{"href":"https:\/\/marialuisadecontes.com\/index.php?rest_route=\/wp\/v2\/types\/page"}],"author":[{"embeddable":true,"href":"https:\/\/marialuisadecontes.com\/index.php?rest_route=\/wp\/v2\/users\/1"}],"replies":[{"embeddable":true,"href":"https:\/\/marialuisadecontes.com\/index.php?rest_route=%2Fwp%2Fv2%2Fcomments&post=4394"}],"version-history":[{"count":8,"href":"https:\/\/marialuisadecontes.com\/index.php?rest_route=\/wp\/v2\/pages\/4394\/revisions"}],"predecessor-version":[{"id":4406,"href":"https:\/\/marialuisadecontes.com\/index.php?rest_route=\/wp\/v2\/pages\/4394\/revisions\/4406"}],"wp:attachment":[{"href":"https:\/\/marialuisadecontes.com\/index.php?rest_route=%2Fwp%2Fv2%2Fmedia&parent=4394"}],"curies":[{"name":"wp","href":"https:\/\/api.w.org\/{rel}","templated":true}]}}