{"id":4389,"date":"2016-04-07T20:01:31","date_gmt":"2016-04-07T18:01:31","guid":{"rendered":"http:\/\/marialuisadecontes.com\/?page_id=4389"},"modified":"2016-09-01T16:49:26","modified_gmt":"2016-09-01T14:49:26","slug":"eventos-foro-mujeres-dialogo","status":"publish","type":"page","link":"https:\/\/marialuisadecontes.com\/?page_id=4389","title":{"rendered":"Eventos Foro Mujeres"},"content":{"rendered":"<p>[vc_row][vc_column][vc_column_text]Bajo la presidencia de Mar\u00eda Luisa de Contes, el Foro Mujeres ha realizado numerosos debates, conferencias y encuentros \u201cregards crois\u00e9s\u201d, tribunas o tertulias protagonizadas por mujeres de diferentes entornos (empresarial, jur\u00eddico, diplom\u00e1tico, cient\u00edfico, cultural, period\u00edstico, gubernamental y educativo) y culturas.[\/vc_column_text][vc_empty_space][\/vc_column][\/vc_row][vc_row][vc_column][vc_basic_grid post_type=\u00bbpost\u00bb max_items=\u00bb50&#8243; grid_id=\u00bbvc_gid:1460051928511-8940fb45-0033-9&#8243; taxonomies=\u00bb314&#8243;][\/vc_column][\/vc_row]<\/p>\n","protected":false},"excerpt":{"rendered":"<p>[vc_row][vc_column][vc_column_text]Bajo la presidencia de Mar\u00eda Luisa de Contes, el Foro Mujeres ha realizado numerosos debates, conferencias y encuentros \u201cregards crois\u00e9s\u201d, tribunas o tertulias protagonizadas por mujeres de diferentes entornos (empresarial, [&hellip;]<\/p>\n","protected":false},"author":1,"featured_media":0,"parent":0,"menu_order":0,"comment_status":"closed","ping_status":"closed","template":"","meta":{"footnotes":""},"class_list":["post-4389","page","type-page","status-publish","hentry"],"_links":{"self":[{"href":"https:\/\/marialuisadecontes.com\/index.php?rest_route=\/wp\/v2\/pages\/4389","targetHints":{"allow":["GET"]}}],"collection":[{"href":"https:\/\/marialuisadecontes.com\/index.php?rest_route=\/wp\/v2\/pages"}],"about":[{"href":"https:\/\/marialuisadecontes.com\/index.php?rest_route=\/wp\/v2\/types\/page"}],"author":[{"embeddable":true,"href":"https:\/\/marialuisadecontes.com\/index.php?rest_route=\/wp\/v2\/users\/1"}],"replies":[{"embeddable":true,"href":"https:\/\/marialuisadecontes.com\/index.php?rest_route=%2Fwp%2Fv2%2Fcomments&post=4389"}],"version-history":[{"count":4,"href":"https:\/\/marialuisadecontes.com\/index.php?rest_route=\/wp\/v2\/pages\/4389\/revisions"}],"predecessor-version":[{"id":4809,"href":"https:\/\/marialuisadecontes.com\/index.php?rest_route=\/wp\/v2\/pages\/4389\/revisions\/4809"}],"wp:attachment":[{"href":"https:\/\/marialuisadecontes.com\/index.php?rest_route=%2Fwp%2Fv2%2Fmedia&parent=4389"}],"curies":[{"name":"wp","href":"https:\/\/api.w.org\/{rel}","templated":true}]}}