{"id":4321,"date":"2016-04-07T19:02:52","date_gmt":"2016-04-07T17:02:52","guid":{"rendered":"http:\/\/marialuisadecontes.com\/?page_id=4321"},"modified":"2019-12-12T10:36:04","modified_gmt":"2019-12-12T09:36:04","slug":"cargos-y-compromisos","status":"publish","type":"page","link":"https:\/\/marialuisadecontes.com\/?page_id=4321","title":{"rendered":"Cargos y Compromisos"},"content":{"rendered":"<p>[vc_row][vc_column][vc_column_text]<\/p>\n<p style=\"text-align: justify;\">En la actualidad, Mar\u00eda Luisa de Contes mantiene en el mundo empresarial, cultual y asociativo las siguientes funciones:<\/p>\n<h2 style=\"text-align: justify;\"><\/h2>\n<h2 style=\"text-align: justify;\">Actividad empresarial<\/h2>\n<ul>\n<li>Secretaria General y del Consejo de Administraci\u00f3n de <strong>Renault Espa\u00f1a S.A. <\/strong>de 2002 a noviembre 2007<strong><a href=\"https:\/\/marialuisadecontes.com\/semblanza\/maria-luisa-twizy\/\" rel=\"attachment wp-att-367\"><img loading=\"lazy\" decoding=\"async\" class=\"alignright size-medium wp-image-367\" title=\"Maria Luisa Twizy\" src=\"\/wp-content\/uploads\/2012\/09\/Maria-Luisa-Twizy-300x225.jpg\" alt=\"\" width=\"300\" height=\"225\" \/><\/a><\/strong><\/li>\n<li>Vocal del Consejo de Administraci\u00f3n de <strong>Renault Espa\u00f1a Comercial, S.A<\/strong><\/li>\n<li>Directora Jur\u00eddica del <strong>Grupo Renault en Espa\u00f1a <\/strong>de 2008 a 2017<\/li>\n<li>Directora de Responsabilidad Social Corporativa del <strong>Grupo Renault en Espa\u00f1a<\/strong><\/li>\n<li>Secretaria y Vocal del Consejo de Administraci\u00f3n de\u00a0<strong>Renault Retail Group<\/strong><\/li>\n<li>Secretaria y Vocal del Consejo de Administraci\u00f3n de\u00a0<strong>Renault Consulting<\/strong><\/li>\n<li>Secretaria y Vocal del Consejo de Administraci\u00f3n de\u00a0<strong>SODICAM<\/strong><\/li>\n<li>Responsable de la Diversidad en el\u00a0<strong>Grupo Renault en Espa\u00f1a<\/strong><\/li>\n<li>L\u00edder\u00a0<strong>Women@Renault <\/strong>del Grupo Renault en Espa\u00f1a<\/li>\n<li>Patrono y Secretaria de la\u00a0<strong>Fundaci\u00f3n Renault Espa\u00f1a<\/strong><\/li>\n<li>Patrono y Secretaria de la\u00a0<strong>Fundaci\u00f3n Renault para la Inclusi\u00f3n y la Movilidad Sostenible<\/strong><\/li>\n<\/ul>\n<h4>Otros cargos asociativos:<\/h4>\n<ul>\n<li>Vocal del Consejo de Administraci\u00f3n de la\u00a0<strong>C\u00e1mara de Comercio Franco-Espa\u00f1ola de Madrid<\/strong><\/li>\n<li>Vicepresidenta de las\u00a0<strong>Alianzas Francesas de Espa\u00f1a<\/strong>(Junta del Consejo Central)<\/li>\n<li>Vicepresidenta y Vocal del Consejo de Administraci\u00f3n del\u00a0<strong>Club Financiero G\u00e9nova<\/strong><\/li>\n<li><strong>Consejera del Comercio Exterior de Francia,\u00a0<\/strong>nombrada por decreto de 17 de abril de 2013 del Primer Ministro Franc\u00e9s y renovada hasta abril de 2019.<\/li>\n<\/ul>\n<h2 style=\"text-align: justify;\">Actividad asociativa y cultural<\/h2>\n<ul>\n<li>Presidenta de la Asociaci\u00f3n <strong>MUJERES AVENIR.<\/strong><\/li>\n<li>Presidenta de la Comisi\u00f3n Mujer y Diversidad del <strong>Club Financiero G\u00e9nova<\/strong>.<\/li>\n<li>Miembro del Foro Mujer, Deporte y Sociedad del Consejo Superior de Deportes.<\/li>\n<li>Miembro del Consejo Asesor de <strong>UDIMA<img loading=\"lazy\" decoding=\"async\" class=\"size-full wp-image-4666 alignright\" src=\"\/wp-content\/uploads\/2016\/04\/ML.png\" alt=\"ML\" width=\"172\" height=\"222\" \/><\/strong><\/li>\n<li>Miembro del Consejo Asesor y Acad\u00e9mico Empresarial del M\u00e1ster en Asesor\u00eda Jur\u00eddica de Empresas de la<strong> Universidad Carlos III<\/strong><\/li>\n<li>Fundadora y Presidenta del\u00a0<strong>Foro Mujeres\u00a0<\/strong>entre 2010 y 2015 y actual miembro de la Junta Directiva de la <strong>Asociaci\u00f3n Foro Mujeres.<\/strong><\/li>\n<li>Miembro del Patronato de Honor\u00a0<strong>Fundaci\u00f3n Amigos del Museo del Prado<\/strong><\/li>\n<li>Miembro de la Asociaci\u00f3n de Antiguos Alumnos de\u00a0<strong>E.S.E. Business School<\/strong>(Universidad de Navarra)<\/li>\n<li>Caballero de la\u00a0<strong>Orden Nacional del M\u00e9rito Franc\u00e9s<\/strong><\/li>\n<li><strong>Caballero de la Orden Nacional de la Legi\u00f3n de Honor<\/strong><\/li>\n<li>Vocal del Consejo de Administraci\u00f3n de la\u00a0<strong>Asociaci\u00f3n de la Orden Nacional del M\u00e9rito Franc\u00e9s<\/strong><\/li>\n<\/ul>\n<p><a title=\"Semblanza\" href=\"\/wp-content\/uploads\/2016\/08\/12082016_Semblanza_Definitiva.pdf\" target=\"_blank\" rel=\"noopener noreferrer\">Descargar la Semblanza en Archivo Pdf<\/a>[\/vc_column_text][\/vc_column][\/vc_row]<\/p>\n","protected":false},"excerpt":{"rendered":"<p>[vc_row][vc_column][vc_column_text] En la actualidad, Mar\u00eda Luisa de Contes mantiene en el mundo empresarial, cultual y asociativo las siguientes funciones: Actividad empresarial Secretaria General y del Consejo de Administraci\u00f3n de Renault [&hellip;]<\/p>\n","protected":false},"author":1,"featured_media":0,"parent":0,"menu_order":2,"comment_status":"closed","ping_status":"closed","template":"","meta":{"footnotes":""},"class_list":["post-4321","page","type-page","status-publish","hentry"],"_links":{"self":[{"href":"https:\/\/marialuisadecontes.com\/index.php?rest_route=\/wp\/v2\/pages\/4321","targetHints":{"allow":["GET"]}}],"collection":[{"href":"https:\/\/marialuisadecontes.com\/index.php?rest_route=\/wp\/v2\/pages"}],"about":[{"href":"https:\/\/marialuisadecontes.com\/index.php?rest_route=\/wp\/v2\/types\/page"}],"author":[{"embeddable":true,"href":"https:\/\/marialuisadecontes.com\/index.php?rest_route=\/wp\/v2\/users\/1"}],"replies":[{"embeddable":true,"href":"https:\/\/marialuisadecontes.com\/index.php?rest_route=%2Fwp%2Fv2%2Fcomments&post=4321"}],"version-history":[{"count":16,"href":"https:\/\/marialuisadecontes.com\/index.php?rest_route=\/wp\/v2\/pages\/4321\/revisions"}],"predecessor-version":[{"id":5999,"href":"https:\/\/marialuisadecontes.com\/index.php?rest_route=\/wp\/v2\/pages\/4321\/revisions\/5999"}],"wp:attachment":[{"href":"https:\/\/marialuisadecontes.com\/index.php?rest_route=%2Fwp%2Fv2%2Fmedia&parent=4321"}],"curies":[{"name":"wp","href":"https:\/\/api.w.org\/{rel}","templated":true}]}}