{"id":4320,"date":"2016-04-07T19:02:58","date_gmt":"2016-04-07T17:02:58","guid":{"rendered":"http:\/\/marialuisadecontes.com\/?page_id=4320"},"modified":"2016-09-01T16:51:39","modified_gmt":"2016-09-01T14:51:39","slug":"foro-mujeres","status":"publish","type":"page","link":"https:\/\/marialuisadecontes.com\/?page_id=4320","title":{"rendered":"Foro Mujeres"},"content":{"rendered":"<p>[vc_row][vc_column][vc_column_text]<\/p>\n<h2 style=\"text-align: justify;\"><span style=\"text-align: justify;\">Foro Mujeres: Cinco a\u00f1os de trabajo<\/span><\/h2>\n<p>[\/vc_column_text][vc_empty_space]<div class=\"sc_accordion sc_accordion_style_2\" data-active=\"0\"><div class=\"sc_accordion_item odd first\"><h5 class=\"sc_accordion_title\"><span class=\"sc_accordion_icon sc_accordion_icon_closed icon-plus-1\"><\/span><span class=\"sc_accordion_icon sc_accordion_icon_opened icon-minus-1\"><\/span>Origenes<\/h5><div class=\"sc_accordion_content\">[vc_column_text]<\/p>\n<h3 style=\"text-align: justify;\"><strong><em>\u00bfPor qu\u00e9 se cre\u00f3?<\/em><\/strong><\/h3>\n<p style=\"text-align: justify;\">El FMD se constituy\u00f3 en 2010 como parte de la Asociaci\u00f3n Foro Mujeres\u00a0y, asumiendo los objetivos de dicha Asociaci\u00f3n, surgi\u00f3 como <strong>un foro para el di\u00e1logo, la reflexi\u00f3n y la acci\u00f3n<\/strong> y, como parte de esa acci\u00f3n un grupo de mujeres -espa\u00f1olas y francesas- pusimos en marcha esta iniciativa.<\/p>\n<p>[\/vc_column_text]<blockquote class=\"sc_quote\"><p><\/p>\n<p style=\"text-align: justify;\"><span style=\"color: #20a4cc;\"><em>El liderazgo de las mujeres en puestos de responsabilidad ha ido creciendo en nuestro entorno y \u00e9ste ha sido uno de los factores determinantes, junto con la voluntad de participar en la sociedad con nuestra propia voz, para la creaci\u00f3n del Foro Mujeres.<\/em><\/span><\/p>\n<p><\/p><p class=\"sc_quote_title\">Informe de Actividades del FM, 2010-2013<\/p><p class=\"sc_quote_position\"><\/p><\/blockquote><\/div><\/div><div class=\"sc_accordion_item even\"><h5 class=\"sc_accordion_title\"><span class=\"sc_accordion_icon sc_accordion_icon_closed icon-plus-1\"><\/span><span class=\"sc_accordion_icon sc_accordion_icon_opened icon-minus-1\"><\/span>Objetivos de Foro Mujeres<\/h5><div class=\"sc_accordion_content\">[vc_column_text]<\/p>\n<h3 style=\"text-align: justify;\"><strong><em>\u00bfQu\u00e9 quer\u00edamos hacer?<\/em><\/strong><\/h3>\n<p style=\"text-align: justify;\">El FM era una plataforma de colaboraci\u00f3n entre mujeres de diferentes entornos que contribu\u00eda a facilitar las relaciones de amistad y cooperaci\u00f3n entre Francia y Espa\u00f1a de la propia Asociaci\u00f3n Foro Mujeres\u00a0y que, adem\u00e1s, ten\u00eda los siguientes objetivos:<\/p>\n<p>[\/vc_column_text][vc_row_inner][vc_column_inner width=\u00bb1\/2&#8243;][vc_column_text]<\/p>\n<h3 style=\"text-align: justify;\"><\/h3>\n<ul style=\"text-align: justify;\">\n<li>Contribuir a la construcci\u00f3n de un mundo m\u00e1s equilibrado para todos.<\/li>\n<li>Establecer planes de acciones concretas e innovadoras que fomenten la contribuci\u00f3n de la mujer a la sociedad y promuevan la diversidad en el mundo empresarial.<\/li>\n<li>Crear una red global y potente para reforzar la influencia de la mujer.<\/li>\n<li>Crear una plataforma de debate de intercambio y de reflexi\u00f3n, permitiendo a todas expresarse y dar su visi\u00f3n ante las cuestiones que se plantean en la sociedad.<\/li>\n<li>Fomentar la no discriminaci\u00f3n, la igualdad de oportunidades, la necesidad de una mayor presencia femenina en todos los sectores de actividad as\u00ed como otras acciones orientadas a la diversidad y a la responsabilidad social corporativa.<\/li>\n<\/ul>\n<p>[\/vc_column_text][\/vc_column_inner][vc_column_inner width=\u00bb1\/2&#8243;]<figure class=\"sc_image  sc_image_shape_square\"><img decoding=\"async\" src=\"https:\/\/marialuisadecontes.com\/wp-content\/uploads\/2016\/04\/298-1.jpg\" alt=\"\" \/><\/figure>[\/vc_column_inner][\/vc_row_inner]<\/div><\/div><div id=\"sc_accordion_item_Thu Apr 07 2016 19:41:03 GMT+0200 (Hora de verano romance)_8\" class=\"sc_accordion_item odd\"><h5 class=\"sc_accordion_title\"><span class=\"sc_accordion_icon sc_accordion_icon_closed icon-plus-1\"><\/span><span class=\"sc_accordion_icon sc_accordion_icon_opened icon-minus-1\"><\/span>Organizaci\u00f3n de FM<\/h5><div class=\"sc_accordion_content\">[vc_column_text]<\/p>\n<h3 style=\"text-align: justify;\"><strong><em>\u00bfQui\u00e9nes somos?<\/em><\/strong><\/h3>\n<p style=\"text-align: justify;\">El FM fue impulsado por Mar\u00eda Luisa de Contes, Vicepresidenta de Foro Mujeres,\u00a0y estaba compuesto por ejecutivas de todos los sectores de actividad m\u00e1s representativos: empresarial, jur\u00eddico, diplom\u00e1tico, cient\u00edfico, cultural, period\u00edstico, gubernamental y educativo.<\/p>\n<p>[\/vc_column_text][vc_row_inner][vc_column_inner width=\u00bb1\/4&#8243;][\/vc_column_inner][vc_column_inner width=\u00bb1\/2&#8243;][vc_column_text]<\/p>\n<h3 style=\"text-align: justify;\"><\/h3>\n<ul style=\"text-align: justify;\">\n<li>Pilar Queipo de Llano, Secretaria Ejecutiva<\/li>\n<li>Annie Delaye. Presidenta de Honor<\/li>\n<\/ul>\n<p>&nbsp;<\/p>\n<ul style=\"text-align: justify;\">\n<li>Christine Toudic. C\u00f3nsul General de Francia en Madrid<\/li>\n<li>Mar\u00eda Luisa de Contes, Secretaria General del Grupo Renault Espa\u00f1a<\/li>\n<li>Marie Aguila de Domecq. Periodista y psic\u00f3loga<\/li>\n<li>Isabel Ayudarte. Procuradora de los Tribunales<\/li>\n<li>Mar\u00eda Barcel\u00f3. Directora Marketing y Desarrollo Negocio de PwC<\/li>\n<li>Marta Bl\u00e1zquez. Directora de Marketing, Calidad y Ventas a empresas de PSA Peugeot Citro\u00ebn Retail Espa\u00f1a y Portugal<\/li>\n<li>Maylis Chevalier. Publisher &amp; Media Expert<\/li>\n<li>Teresa Cid Guti\u00e9rrez. Patrocinios &amp; Eventos de Orange<\/li>\n<li>Luz del Val. Directora Gerente de la Galer\u00eda Atalante<\/li>\n<li>Annie Delaye. Presidenta de Honor FMD<\/li>\n<li>Juana \u00c9rice. Socia Fundadora de Juana \u00c9rice Consulting<\/li>\n<li>Roc\u00edo Fern\u00e1ndez. Letrada Socia de Dikei Abogados<\/li>\n<li>Carmen Fern\u00e1ndez Rozado. Ex Consejera de la Comisi\u00f3n Nacional de la Energ\u00eda<\/li>\n<li>Myriam Fr\u00e9val. Presidenta de Athol Asset<\/li>\n<li>Candice Laporte. Socia Fundadora de Creaventure<\/li>\n<li>Blandine Legout. Doctora en Medicina, Ex Consejera Social de la Embajada de Francia en Espa\u00f1a<\/li>\n<li>Sylvie Martin. Agregada Econ\u00f3mica de la Embajada de Francia en Espa\u00f1a<\/li>\n<li>Lourdes Mart\u00edn Fl\u00f3rez. Letrada Socia de Ur\u00eda Men\u00e9ndez<\/li>\n<li>Estefan\u00eda Narrillos Roux. Directora Financiera Ib\u00e9rica y Argelia de PSA Peugeot Citro\u00ebn<\/li>\n<li>Arrate Orom\u00ed. Gerente del Club Financiero G\u00e9nova<\/li>\n<li>Loreto Ordo\u00f1ez. Consejera Delegada GDF SUEZ<\/li>\n<li>Val\u00e9rie Parra. T\u00e9cnico en la Secretar\u00eda de Pol\u00edtica Internacional de UGT<\/li>\n<li>Cynthia San Martin. Abogada de Renault Espa\u00f1a<\/li>\n<li>Lourdes S\u00e1nchez Cervera. Socia Directora de Interlinco, servicios ling\u00fc\u00edsticos y de comunicaci\u00f3n<\/li>\n<li>Azucena Rojas \u00c1lvarez. Directora Comunicaci\u00f3n Institucional<\/li>\n<li>Ana Romera Mart\u00ednez. Directora Investigaci\u00f3n,Desarrollo, Seguridad THALES<\/li>\n<li>Valerie Servage. Consejera Financiera EMBAJADA DE FRANCIA<\/li>\n<li>Paloma Sevilla. Global Power Sales Director de Alstom Espa\u00f1a<\/li>\n<li>Annie Thomas. Consejera de Asuntos Sociales de la Embajada de Francia en Espa\u00f1a<\/li>\n<li>Nathalie Valverde. Responsable del Grupo Cr\u00e9dit Mutuel- Banco Popular<\/li>\n<li>Silvia Vela Ruiz. Abogada de Renault Espa\u00f1a<\/li>\n<li>Valerie Watine. Account Manager AIR FRANCE<\/li>\n<li>Fabienne Zanfoni. Directora Financiera de Accor Hoteles Espa\u00f1a<\/li>\n<\/ul>\n<p>[\/vc_column_text][\/vc_column_inner][vc_column_inner width=\u00bb1\/4&#8243;][\/vc_column_inner][\/vc_row_inner][vc_row_inner][vc_column_inner][vc_empty_space][vc_column_text]<\/p>\n<p style=\"text-align: justify;\">Y cuenta entre sus miembros, con personas destacadas como Carmen Plaza \u2013Directora General para la Igualdad de Oportunidades-, Mar\u00eda Escario \u2013periodista deportiva- o Ana Mu\u00f1oz Merino \u2013Directora General de Deportes.<\/p>\n<p>[\/vc_column_text]<blockquote class=\"sc_quote\"><p><\/p>\n<p style=\"text-align: justify;\"><span style=\"color: #20a4cc;\"><em>Despu\u00e9s de 5 a\u00f1os de esfuerzo y dedicaci\u00f3n, todas las mujeres del Foro debemos sentirnos orgullosas del valor de nuestras relaciones.<\/em><\/span><\/p>\n<p><\/p><p class=\"sc_quote_title\">Mar\u00eda Luisa de Contes<\/p><p class=\"sc_quote_position\"><\/p><\/blockquote>[\/vc_column_inner][\/vc_row_inner]<\/div><\/div><\/div>[\/vc_column][\/vc_row][vc_row][vc_column][vc_empty_space][vc_column_text]<\/p>\n<h3 style=\"text-align: justify;\">Pero son m\u00e1s que palabras, son los n\u00fameros los que nos permiten decirlo:<\/h3>\n<p>[\/vc_column_text][vc_empty_space][\/vc_column][vc_column width=\u00bb1\/2&#8243;][vc_column_text]<\/p>\n<ul>\n<li style=\"text-align: justify;\"><strong>5 a\u00f1os de trabajo<\/strong><\/li>\n<li style=\"text-align: justify;\"><strong>131 mujeres asociadas al FM<\/strong><\/li>\n<li style=\"text-align: justify;\"><strong>33 mujeres en la Ejecutiva<\/strong><\/li>\n<li style=\"text-align: justify;\"><strong>32 actos o eventos<\/strong><\/li>\n<\/ul>\n<p>[\/vc_column_text][\/vc_column][vc_column width=\u00bb1\/2&#8243;][vc_column_text]<\/p>\n<ul>\n<li><strong>7 conferencias<\/strong><\/li>\n<li><strong>190 asistentes de media por evento<\/strong><\/li>\n<li><strong>500 personas diferentes han conocido el FM<\/strong><\/li>\n<li><strong>67 ponentes de alto nivel de Francia y Espa\u00f1a.<\/strong><\/li>\n<\/ul>\n<p>[\/vc_column_text][\/vc_column][\/vc_row][vc_row][vc_column][vc_empty_space][vc_column_text]<b><\/b><a title=\"Semblanza\" href=\"https:\/\/marialuisadecontes.com\/wp-content\/uploads\/2015\/09\/FORO-MUJERES-DI\u00c1LOGO.pdf\" target=\"_blank\">Descargar Foro Mujeres en Archivo Pdf<\/a>[\/vc_column_text][vc_empty_space][\/vc_column][\/vc_row][vc_row][vc_column el_class=\u00bbgrid\u00bb][vc_column_text]<\/p>\n<h3 style=\"text-align: justify;\">Eventos\u00a0Organizados en Foro Mujeres<\/h3>\n<p>[\/vc_column_text][vc_empty_space][vc_basic_grid post_type=\u00bbpost\u00bb max_items=\u00bb50&#8243; item=\u00bb4554&#8243; grid_id=\u00bbvc_gid:1460053103476-cd8e3012-46d5-10&#8243; taxonomies=\u00bb314&#8243; el_class=\u00bbgrid2&#8243;][\/vc_column][\/vc_row]<\/p>\n","protected":false},"excerpt":{"rendered":"<p>[vc_row][vc_column][vc_column_text] Foro Mujeres: Cinco a\u00f1os de trabajo [\/vc_column_text][vc_empty_space][\/vc_column][\/vc_row][vc_row][vc_column][vc_empty_space][vc_column_text] Pero son m\u00e1s que palabras, son los n\u00fameros los que nos permiten decirlo: [\/vc_column_text][vc_empty_space][\/vc_column][vc_column width=\u00bb1\/2&#8243;][vc_column_text] 5 a\u00f1os de trabajo 131 mujeres asociadas [&hellip;]<\/p>\n","protected":false},"author":1,"featured_media":0,"parent":0,"menu_order":2,"comment_status":"closed","ping_status":"closed","template":"","meta":{"footnotes":""},"class_list":["post-4320","page","type-page","status-publish","hentry"],"_links":{"self":[{"href":"https:\/\/marialuisadecontes.com\/index.php?rest_route=\/wp\/v2\/pages\/4320","targetHints":{"allow":["GET"]}}],"collection":[{"href":"https:\/\/marialuisadecontes.com\/index.php?rest_route=\/wp\/v2\/pages"}],"about":[{"href":"https:\/\/marialuisadecontes.com\/index.php?rest_route=\/wp\/v2\/types\/page"}],"author":[{"embeddable":true,"href":"https:\/\/marialuisadecontes.com\/index.php?rest_route=\/wp\/v2\/users\/1"}],"replies":[{"embeddable":true,"href":"https:\/\/marialuisadecontes.com\/index.php?rest_route=%2Fwp%2Fv2%2Fcomments&post=4320"}],"version-history":[{"count":37,"href":"https:\/\/marialuisadecontes.com\/index.php?rest_route=\/wp\/v2\/pages\/4320\/revisions"}],"predecessor-version":[{"id":4808,"href":"https:\/\/marialuisadecontes.com\/index.php?rest_route=\/wp\/v2\/pages\/4320\/revisions\/4808"}],"wp:attachment":[{"href":"https:\/\/marialuisadecontes.com\/index.php?rest_route=%2Fwp%2Fv2%2Fmedia&parent=4320"}],"curies":[{"name":"wp","href":"https:\/\/api.w.org\/{rel}","templated":true}]}}