{"id":2830,"date":"2015-06-08T10:45:55","date_gmt":"2015-06-08T08:45:55","guid":{"rendered":"http:\/\/proparty.axiomthemes.com\/?page_id=2830"},"modified":"2018-10-18T12:13:40","modified_gmt":"2018-10-18T10:13:40","slug":"homepage-1","status":"publish","type":"page","link":"https:\/\/marialuisadecontes.com\/","title":{"rendered":"Inicio"},"content":{"rendered":"<p>[vc_row css=\u00bb.vc_custom_1436772059378{margin-top: 94px !important;margin-bottom: 89px !important;}\u00bb el_class=\u00bbicon_block\u00bb][vc_column width=\u00bb1\/3&#8243;]<div class=\"sc_section alignleft column-1_10\"><span class=\"sc_icon icon-058__flag alignright\" style=\"font-size:90px; line-height: 1em;color:#323232;\"><\/span><\/div><div class=\"sc_section alignright column-9_11\"><h4 class=\"sc_title sc_title_regular\">Semblanza<\/h4>[vc_column_text]<\/p>\n<p style=\"text-align: justify;\">Actualmente, Mar\u00eda Luisa de Contes es Secretaria General y miembro de los Consejos de Administraci\u00f3n de las filiales del Grupo Renault, as\u00ed como Directora de Responsabilidad Social Corporativa y de la Fundaci\u00f3n para la Inclusi\u00f3n y la Movilidad Sostenible, entre otros cargos.<\/p>\n<p>[\/vc_column_text]<a href=\"\/?page_id=20\" class=\"sc_button sc_button_square sc_button_style_filled2 sc_button_bg_link sc_button_size_small alignleft\"><span>Ver m\u00e1s<\/span><span><\/span><span>Ver m\u00e1s<\/span><\/a><\/div>[\/vc_column][vc_column width=\u00bb1\/3&#8243;]<div class=\"sc_section alignleft column-1_10\"><span class=\"sc_icon icon-071__earth alignright\" style=\"font-size:90px; line-height: 1em;color:#323232;\"><\/span><\/div><div class=\"sc_section alignright column-9_11\"><h4 class=\"sc_title sc_title_regular\">Sus compromisos<\/h4>[vc_column_text]<\/p>\n<p style=\"text-align: justify;\">Desde hace a\u00f1os, Mar\u00eda Luisa de Contes se ha comprometido en hacer que la\u00a0<em>Diversidad<\/em>\u00a0y la\u00a0<em>Igualdad <\/em>\u00a0hombre-mujer sea una realidad no s\u00f3lo en su empresa <em>Renault<\/em>, a trav\u00e9s del\u00a0<em>Grupo Diversidad<\/em>\u00a0y de la\u00a0<em>Red Women@Renault<\/em>, sino tambi\u00e9n en todos los aspectos de la sociedad civil mediante la creaci\u00f3n en el marco de la\u00a0<em>Asociaci\u00f3n Di\u00e1logo<\/em>\u00a0de un\u00a0<em>Foro Mujeres<\/em><em>, el cual ha evolucionado y dado continuidad a la fundaci\u00f3n de <\/em><em>la Asociaci\u00f3n de Amistad hispano-francesa Mujeres Avenir, ya que Dialogo consider\u00f3 oportuno que esta actividad se distanciase de su Asociaci\u00f3n.<\/em><\/p>\n<p>[\/vc_column_text]<a href=\"\/?page_id=4321\" class=\"sc_button sc_button_square sc_button_style_filled2 sc_button_bg_link sc_button_size_small alignleft\"><span>Ver m\u00e1s<\/span><span><\/span><span>Ver m\u00e1s<\/span><\/a><\/div>[\/vc_column][vc_column width=\u00bb1\/3&#8243;]<div class=\"sc_section alignleft column-1_10\"><span class=\"sc_icon icon-039__file_choose alignright\" style=\"font-size:90px; line-height: 1em;color:#323232;\"><\/span><\/div><div class=\"sc_section alignright column-9_11\"><h4 class=\"sc_title sc_title_regular\">Actividades y Eventos<\/h4>[vc_column_text]<\/p>\n<p style=\"text-align: justify;\">Mar\u00eda Luisa de Contes, participa en numerosas conferencias nacionales e internacionales en las que impulsa mayoritariamente, la <em>Diversidad<\/em> y la <em>Igualdad<\/em> entre hombres y mujeres en todos los sectores y \u00e1mbitos.<\/p>\n<p>[\/vc_column_text]<a href=\"\/?cat=30\" class=\"sc_button sc_button_square sc_button_style_filled2 sc_button_bg_link sc_button_size_small alignleft\"><span>Ver m\u00e1s<\/span><span><\/span><span>Ver m\u00e1s<\/span><\/a><\/div>[\/vc_column][\/vc_row][vc_row full_width=\u00bbstretch_row\u00bb css=\u00bb.vc_custom_1436778277595{padding-top: 79px !important;padding-bottom: 92px !important;background-color: #fcfaf2 !important;}\u00bb el_class=\u00bbvideo_block\u00bb][vc_column]<div class=\"sc_section alignleft column-3_8\"><h4 class=\"sc_title sc_title_regular sc_align_left styling1\" style=\"margin-top:19px;text-align:left;color:#d13123;\">Sobre<\/h4>[vc_column_text]<\/p>\n<p style=\"text-align: justify;\">Mar\u00eda Luisa de Contes, nacida en Sanl\u00facar de Barrameda y licenciada en Derecho, compagin\u00f3 sus estudios entre la\u00a0<em>Universidad de la Sorbonne<\/em>\u00a0en Par\u00eds y la\u00a0<em>UNED<\/em>\u00a0de Espa\u00f1a, obteniendo finalmente su t\u00edtulo superior de abogada de la Universidad<em>\u00a0<\/em>parisina.<\/p>\n<p style=\"text-align: justify;\">En la actualidad, compagina sus cargos de Secretaria General y de los Consejos de Administraci\u00f3n del Grupo Renault en Espa\u00f1a, Directora Jur\u00eddica, Responsable del Grupo Diversidad y L\u00edder del Women@Renault, con sus compromisos en Diversidad e Igualdad en la Asociaci\u00f3n de Amistad hispano-francesa Mujeres Avenir y en la Comisi\u00f3n Mujer y Diversidad del Club Financiero G\u00e9nova, de los cuales es presidenta.<\/p>\n<p>[\/vc_column_text]<a href=\"#\" class=\"sc_button sc_button_square sc_button_style_filled sc_button_bg_link sc_button_size_small\" style=\"margin-top:40px;color:#ffffff;background-color:#d13123; border-color:#d13123;\"><span>Ver m\u00e1s<\/span><span><\/span><span>Ver m\u00e1s<\/span><\/a><div class=\"sc_line sc_line_style_solid\" style=\"margin-top:30px;margin-bottom:0px;border-top-width:1px;border-top-style:solid;border-top-color:#d13123 !important;\"><\/div><\/div><div class=\"sc_section alignright column-3_5\"><video class=\"sc_video\" src=\"https:\/\/youtube.com\/embed\/zjlTeoZWcM0\" width=\"100%\" height=\"\" data-width=\"100%\" data-height=\"\" data-ratio=\"16:9\" poster=\"https:\/\/marialuisadecontes.com\/wp-content\/uploads\/2016\/04\/2Q1A4796.jpg\" data-image=\"https:\/\/marialuisadecontes.com\/wp-content\/uploads\/2016\/04\/2Q1A4796.jpg\" style=\"margin-top:20px;width:100%;\" autoplay=\"autoplay\" controls=\"controls\" loop=\"loop\"><\/video><\/div>[\/vc_column][\/vc_row][vc_row full_width=\u00bbstretch_row\u00bb css=\u00bb.vc_custom_1459914073317{padding-top: 94px !important;padding-bottom: 77px !important;background-color: #ffffff !important;}\u00bb][vc_column]<div class=\"columns_wrap sc_columns columns_nofluid sc_columns_count_3\"><div class=\"column-2_3 sc_column_item sc_column_item_1 odd first span_2\">[vc_column_text css=\u00bb.vc_custom_1459914033237{margin-bottom: 26px !important;}\u00bb]<\/p>\n<h2>\u00daltimos Eventos<\/h2>\n<p>[\/vc_column_text]<ul id=\"sc_blogger_516010101\" class=\"sc_blogger layout_masonry_3 template_masonry  sc_blogger_vertical\"><div class=\"isotope_wrap\" data-columns=\"3\">\t\t<div class=\"isotope_item isotope_item_masonry isotope_item_masonry_3 isotope_column_3\t\t\t\t\t\">\n\t\t\t<div class=\"post_item post_item_masonry post_item_masonry_3\t\t\t\t  post_format_standard odd\">\n\t\t\t\t\n\t\t\t\t\t\t\t\t\t<div class=\"post_featured\">\n\t\t\t\t\t\t\t\t\t\t\t\t<div class=\"post_thumb\" data-image=\"https:\/\/marialuisadecontes.com\/wp-content\/uploads\/2021\/08\/1625559294950.jpg\" data-title=\"Acto en el Ayuntamiento de Logro\u00f1o: celebraci\u00f3n V centenario del asedio de Logro\u00f1o por los franceses\">\n\t\t\t\t\t\t<a class=\"hover_icon hover_icon_link\" href=\"https:\/\/marialuisadecontes.com\/?p=6066\"><img decoding=\"async\" class=\"wp-post-image\" width=\"350\" alt=\"Acto en el Ayuntamiento de Logro\u00f1o: celebraci\u00f3n V centenario del asedio de Logro\u00f1o por los franceses\" src=\"https:\/\/marialuisadecontes.com\/wp-content\/uploads\/2021\/08\/1625559294950-350x262.jpg\"><\/a>\t\t\t\t\t\t<\/div>\n\t\t\t\t\t\t\t\t\t\t\t<\/div>\n\t\t\t\t\n\t\t\t\t<div class=\"post_content isotope_item_content\">\n\t\t\t\t\t\n\t\t\t\t\t\t\t\t\t\t\t\t<h4 class=\"\"><a href=\"https:\/\/marialuisadecontes.com\/?p=6066\">Acto en el Ayuntamiento de Logro\u00f1o: celebraci\u00f3n V centenario del asedio de Logro\u00f1o por los franceses<\/a><\/h4>\n\t\t\t\t\t\t\t                    \t\t\t<div class=\"post_info\">\n\t\t\t\t\t\t\t\t\t<span class=\"post_info_item post_info_posted\"><a href=\"https:\/\/marialuisadecontes.com\/?p=6066\" class=\"post_info_date\">2 julio, 2021<\/a> <span>\/<\/span> <a href=\"https:\/\/marialuisadecontes.com\/?cat=30\" rel=\"category\">Eventos<\/a>, <a href=\"https:\/\/marialuisadecontes.com\/?cat=315\" rel=\"category\">Eventos Mujeres Avenir<\/a><\/span>\n\t\t\t\t\t<!--\t\t\t\t\t<span class=\"post_info_item post_info_counters\">--><!--<\/span>-->\n<!--\t\t\t\t\t-->\t\t\t<\/div>\n\t\t\t\t\t<div class=\"post_descr\">\n\t\t\t\t\t\t<p>Encuentro de liderazgo de mujeres espa\u00f1olas y francesas, en defensa del feminismo empresarial<\/p>\t\t\t\t\t<\/div>\n\t\t\t\t\t\n\t\t\t\t<\/div>\t\t\t\t<!-- \/.post_content -->\n\t\t\t<\/div>\t<!-- \/.post_item -->\n\t\t<\/div>\t\t\t\t\t\t<!-- \/.isotope_item -->\n\t\t\t\t<div class=\"isotope_item isotope_item_masonry isotope_item_masonry_3 isotope_column_3\t\t\t\t\t\">\n\t\t\t<div class=\"post_item post_item_masonry post_item_masonry_3\t\t\t\t  post_format_standard even\">\n\t\t\t\t\n\t\t\t\t\t\t\t\t\t<div class=\"post_featured\">\n\t\t\t\t\t\t\t\t\t\t\t\t<div class=\"post_thumb\" data-image=\"https:\/\/marialuisadecontes.com\/wp-content\/uploads\/2021\/08\/20210603JR_8183-Opti-1024x728-1.jpg\" data-title=\"Ley de Cambio Clim\u00e1tico y Transici\u00f3n Energ\u00e9tica\">\n\t\t\t\t\t\t<a class=\"hover_icon hover_icon_link\" href=\"https:\/\/marialuisadecontes.com\/?p=6093\"><img decoding=\"async\" class=\"wp-post-image\" width=\"350\" alt=\"Ley de Cambio Clim\u00e1tico y Transici\u00f3n Energ\u00e9tica\" src=\"https:\/\/marialuisadecontes.com\/wp-content\/uploads\/2021\/08\/20210603JR_8183-Opti-1024x728-1-350x248.jpg\"><\/a>\t\t\t\t\t\t<\/div>\n\t\t\t\t\t\t\t\t\t\t\t<\/div>\n\t\t\t\t\n\t\t\t\t<div class=\"post_content isotope_item_content\">\n\t\t\t\t\t\n\t\t\t\t\t\t\t\t\t\t\t\t<h4 class=\"\"><a href=\"https:\/\/marialuisadecontes.com\/?p=6093\">Ley de Cambio Clim\u00e1tico y Transici\u00f3n Energ\u00e9tica<\/a><\/h4>\n\t\t\t\t\t\t\t                    \t\t\t<div class=\"post_info\">\n\t\t\t\t\t\t\t\t\t<span class=\"post_info_item post_info_posted\"><a href=\"https:\/\/marialuisadecontes.com\/?p=6093\" class=\"post_info_date\">3 junio, 2021<\/a> <span>\/<\/span> <a href=\"https:\/\/marialuisadecontes.com\/?cat=30\" rel=\"category\">Eventos<\/a>, <a href=\"https:\/\/marialuisadecontes.com\/?cat=315\" rel=\"category\">Eventos Mujeres Avenir<\/a><\/span>\n\t\t\t\t\t<!--\t\t\t\t\t<span class=\"post_info_item post_info_counters\">--><!--<\/span>-->\n<!--\t\t\t\t\t-->\t\t\t<\/div>\n\t\t\t\t\t<div class=\"post_descr\">\n\t\t\t\t\t\t<p>\u201cEl impulso de la descarbonizaci\u00f3n en el reto de una Espa\u00f1a verde, digital, cohesionada e igualitaria\u00bb<\/p>\t\t\t\t\t<\/div>\n\t\t\t\t\t\n\t\t\t\t<\/div>\t\t\t\t<!-- \/.post_content -->\n\t\t\t<\/div>\t<!-- \/.post_item -->\n\t\t<\/div>\t\t\t\t\t\t<!-- \/.isotope_item -->\n\t\t\t\t<div class=\"isotope_item isotope_item_masonry isotope_item_masonry_3 isotope_column_3\t\t\t\t\t\">\n\t\t\t<div class=\"post_item post_item_masonry post_item_masonry_3\t\t\t\t  post_format_standard odd last\">\n\t\t\t\t\n\t\t\t\t\t\t\t\t\t<div class=\"post_featured\">\n\t\t\t\t\t\t\t\t\t\t\t\t<div class=\"post_thumb\" data-image=\"https:\/\/marialuisadecontes.com\/wp-content\/uploads\/2021\/08\/20210304JR_3167-1024x648-1.jpg\" data-title=\"IV\u00aa Conferencia Internacional \u201cMujer y Diplomacia\u201d\">\n\t\t\t\t\t\t<a class=\"hover_icon hover_icon_link\" href=\"https:\/\/marialuisadecontes.com\/?p=6062\"><img decoding=\"async\" class=\"wp-post-image\" width=\"350\" alt=\"IV\u00aa Conferencia Internacional \u201cMujer y Diplomacia\u201d\" src=\"https:\/\/marialuisadecontes.com\/wp-content\/uploads\/2021\/08\/20210304JR_3167-1024x648-1-350x221.jpg\"><\/a>\t\t\t\t\t\t<\/div>\n\t\t\t\t\t\t\t\t\t\t\t<\/div>\n\t\t\t\t\n\t\t\t\t<div class=\"post_content isotope_item_content\">\n\t\t\t\t\t\n\t\t\t\t\t\t\t\t\t\t\t\t<h4 class=\"\"><a href=\"https:\/\/marialuisadecontes.com\/?p=6062\">IV\u00aa Conferencia Internacional \u201cMujer y Diplomacia\u201d<\/a><\/h4>\n\t\t\t\t\t\t\t                    \t\t\t<div class=\"post_info\">\n\t\t\t\t\t\t\t\t\t<span class=\"post_info_item post_info_posted\"><a href=\"https:\/\/marialuisadecontes.com\/?p=6062\" class=\"post_info_date\">4 mayo, 2021<\/a> <span>\/<\/span> <a href=\"https:\/\/marialuisadecontes.com\/?cat=30\" rel=\"category\">Eventos<\/a>, <a href=\"https:\/\/marialuisadecontes.com\/?cat=315\" rel=\"category\">Eventos Mujeres Avenir<\/a><\/span>\n\t\t\t\t\t<!--\t\t\t\t\t<span class=\"post_info_item post_info_counters\">--><!--<\/span>-->\n<!--\t\t\t\t\t-->\t\t\t<\/div>\n\t\t\t\t\t<div class=\"post_descr\">\n\t\t\t\t\t\t<p>La asociaci\u00f3n feminista de amistad hispano-francesa Mujeres Avenir trabaja para visibilizar el papel de la mujer en todos los \u00e1mbitos, muy...<\/p>\t\t\t\t\t<\/div>\n\t\t\t\t\t\n\t\t\t\t<\/div>\t\t\t\t<!-- \/.post_content -->\n\t\t\t<\/div>\t<!-- \/.post_item -->\n\t\t<\/div>\t\t\t\t\t\t<!-- \/.isotope_item -->\n\t\t<\/div><\/ul><\/div><div class=\"column-1_3 sc_column_item sc_column_item_3 border_left odd after_span_2\">[vc_column_text css=\u00bb.vc_custom_1459912213053{margin-bottom: 26px !important;}\u00bb]<\/p>\n<h2>En la Prensa<\/h2>\n<p>[\/vc_column_text]<ul id=\"sc_blogger_364822728\" class=\"sc_blogger layout_list_2 template_list  sc_blogger_horizontal\"><li class=\"post_item sc_blogger_item post_title sc_title sc_blogger_title list_style_2_item\"><div class=\"post_title sc_title sc_blogger_title\"><div class=\"post_info\"><span><span class=\"date\">22 agosto, 2023<\/span><\/span><\/div><h4><a href=\"https:\/\/marialuisadecontes.com\/?p=6141\">Mar\u00eda Luisa de Contes nombrada Embajadora de las Carreras de Caballos de Sanl\u00facar 2023<\/a><\/h4><div class=\"post_descr\"><p>Tras la entrega de premios del primer d\u00eda de carreras, se celebr\u00f3 el acto oficial de nombramien...<\/div><\/div><\/li><li class=\"post_item sc_blogger_item post_title sc_title sc_blogger_title list_style_2_item\"><div class=\"post_title sc_title sc_blogger_title\"><div class=\"post_info\"><span><span class=\"date\">22 agosto, 2023<\/span><\/span><\/div><h4><a href=\"https:\/\/marialuisadecontes.com\/?p=6137\">Im\u00e1genes de la casa de Sanl\u00facar de Mar\u00eda Luisa de Contes y Manuel Jes\u00fas Barba<\/a><\/h4><div class=\"post_descr\"><p>Una lujosa vivienda en la costa noroeste gaditana que mezcla a la perfecci\u00f3n el acento franc\u00e9s ...<\/div><\/div><\/li><li class=\"post_item sc_blogger_item post_title sc_title sc_blogger_title list_style_2_item\"><div class=\"post_title sc_title sc_blogger_title\"><div class=\"post_info\"><span><span class=\"date\">7 octubre, 2019<\/span><\/span><\/div><h4><a href=\"https:\/\/marialuisadecontes.com\/?p=5955\">VII Prix Mobilize: la mobilit\u00e9 durable, un d\u00e9fi crucial pour l&#8217;Espagne<\/a><\/h4><div class=\"post_descr\"><p>[vc_row][vc_column][vc_column_text] La 7e \u00e9dition du Prix Mobilize, impuls\u00e9s par la Fondation R...<\/div><\/div><\/li><\/ul><\/div><\/div>[\/vc_column][\/vc_row]<\/p>\n","protected":false},"excerpt":{"rendered":"<p>[vc_row css=\u00bb.vc_custom_1436772059378{margin-top: 94px !important;margin-bottom: 89px !important;}\u00bb el_class=\u00bbicon_block\u00bb][vc_column width=\u00bb1\/3&#8243;][\/vc_column][vc_column width=\u00bb1\/3&#8243;][\/vc_column][vc_column width=\u00bb1\/3&#8243;][\/vc_column][\/vc_row][vc_row full_width=\u00bbstretch_row\u00bb css=\u00bb.vc_custom_1436778277595{padding-top: 79px !important;padding-bottom: 92px !important;background-color: #fcfaf2 !important;}\u00bb el_class=\u00bbvideo_block\u00bb][vc_column][\/vc_column][\/vc_row][vc_row full_width=\u00bbstretch_row\u00bb css=\u00bb.vc_custom_1459914073317{padding-top: 94px !important;padding-bottom: 77px !important;background-color: #ffffff !important;}\u00bb][vc_column][\/vc_column][\/vc_row]<\/p>\n","protected":false},"author":1,"featured_media":0,"parent":0,"menu_order":0,"comment_status":"closed","ping_status":"closed","template":"","meta":{"footnotes":""},"class_list":["post-2830","page","type-page","status-publish","hentry"],"_links":{"self":[{"href":"https:\/\/marialuisadecontes.com\/index.php?rest_route=\/wp\/v2\/pages\/2830","targetHints":{"allow":["GET"]}}],"collection":[{"href":"https:\/\/marialuisadecontes.com\/index.php?rest_route=\/wp\/v2\/pages"}],"about":[{"href":"https:\/\/marialuisadecontes.com\/index.php?rest_route=\/wp\/v2\/types\/page"}],"author":[{"embeddable":true,"href":"https:\/\/marialuisadecontes.com\/index.php?rest_route=\/wp\/v2\/users\/1"}],"replies":[{"embeddable":true,"href":"https:\/\/marialuisadecontes.com\/index.php?rest_route=%2Fwp%2Fv2%2Fcomments&post=2830"}],"version-history":[{"count":26,"href":"https:\/\/marialuisadecontes.com\/index.php?rest_route=\/wp\/v2\/pages\/2830\/revisions"}],"predecessor-version":[{"id":5869,"href":"https:\/\/marialuisadecontes.com\/index.php?rest_route=\/wp\/v2\/pages\/2830\/revisions\/5869"}],"wp:attachment":[{"href":"https:\/\/marialuisadecontes.com\/index.php?rest_route=%2Fwp%2Fv2%2Fmedia&parent=2830"}],"curies":[{"name":"wp","href":"https:\/\/api.w.org\/{rel}","templated":true}]}}